{"id":5091,"date":"2025-12-16T06:46:05","date_gmt":"2025-12-16T06:46:05","guid":{"rendered":"https:\/\/prosecure.com.tr\/corporate-intelligence\/"},"modified":"2026-03-06T07:28:44","modified_gmt":"2026-03-06T07:28:44","slug":"corporate-intelligence","status":"publish","type":"page","link":"https:\/\/prosecure.com.tr\/de\/corporate-intelligence\/","title":{"rendered":"Corporate Intelligence"},"content":{"rendered":"\t\t<div data-elementor-type=\"wp-page\" data-elementor-id=\"5091\" class=\"elementor elementor-5091 elementor-1375\" data-elementor-post-type=\"page\">\n\t\t\t\t<div class=\"elementor-element elementor-element-36fed08 e-con-full hero-pre e-flex e-con e-parent\" data-id=\"36fed08\" data-element_type=\"container\" data-e-type=\"container\" data-settings=\"{&quot;background_background&quot;:&quot;classic&quot;}\">\n\t\t<div class=\"elementor-element elementor-element-d71c440 e-flex e-con-boxed e-con e-child\" data-id=\"d71c440\" data-element_type=\"container\" data-e-type=\"container\">\n\t\t\t\t\t<div class=\"e-con-inner\">\n\t\t\t\t<div class=\"elementor-element elementor-element-3654346 elementor-widget__width-initial elementor-widget-mobile__width-inherit elementor-widget elementor-widget-text-editor\" data-id=\"3654346\" data-element_type=\"widget\" data-e-type=\"widget\" data-widget_type=\"text-editor.default\">\n\t\t\t\t\t\t\t\t\t<p>Wie gut kennen Sie die Menschen oder Organisationen, mit denen Sie zusammenarbeiten, mit denen Sie Gesch\u00e4fte machen oder mit denen Sie Partnerschaften eingehen, wirklich?<\/p>\t\t\t\t\t\t\t\t<\/div>\n\t\t\t\t\t<\/div>\n\t\t\t\t<\/div>\n\t\t\t\t<\/div>\n\t\t<div class=\"elementor-element elementor-element-25635f0 e-flex e-con-boxed e-con e-parent\" data-id=\"25635f0\" data-element_type=\"container\" data-e-type=\"container\">\n\t\t\t\t\t<div class=\"e-con-inner\">\n\t\t<div class=\"elementor-element elementor-element-da4ff4d e-con-full hero-divider e-flex e-con e-child\" data-id=\"da4ff4d\" data-element_type=\"container\" data-e-type=\"container\">\n\t\t\t\t<div class=\"elementor-element elementor-element-8d20bee elementor-widget elementor-widget-heading\" data-id=\"8d20bee\" data-element_type=\"widget\" data-e-type=\"widget\" data-widget_type=\"heading.default\">\n\t\t\t\t\t<h2 class=\"elementor-heading-title elementor-size-default\">Was ist Corporate Intelligence?<\/h2>\t\t\t\t<\/div>\n\t\t\t\t<div class=\"elementor-element elementor-element-4cfa1e3 elementor-widget-mobile__width-inherit elementor-widget elementor-widget-text-editor\" data-id=\"4cfa1e3\" data-element_type=\"widget\" data-e-type=\"widget\" data-widget_type=\"text-editor.default\">\n\t\t\t\t\t\t\t\t\t<p><strong><span class=\"s2\">Corporate Intelligence<\/span> ist die Gesamtheit der Aktivit\u00e4ten zur Sammlung, Analyse und Interpretation von Informationen innerhalb rechtlicher und ethischer Grenzen, um die strategischen Entscheidungsprozesse von Unternehmen zu unterst\u00fctzen.<\/strong><\/p><p>Diese Disziplin zielt darauf ab, Unsicherheiten zu reduzieren, Risiken vorherzusehen und Wettbewerbsvorteile zu erzielen. Corporate Intelligence beschr\u00e4nkt sich nicht nur auf das Sammeln von Informationen, sondern umfasst auch die Interpretation der gewonnenen Daten, um Entscheidungstr\u00e4gern <span class=\"s2\">umsetzbare Erkenntnisse<\/span> zu liefern. <\/p><p class=\"p3\">F\u00fcr Unternehmen, die unter sich schnell ver\u00e4ndernden wirtschaftlichen, politischen und technologischen Bedingungen arbeiten, ist Corporate Intelligence ein entscheidendes Managementinstrument f\u00fcr nachhaltigen Erfolg.<\/p>\t\t\t\t\t\t\t\t<\/div>\n\t\t\t\t<div class=\"elementor-element elementor-element-0858638 elementor-widget elementor-widget-spacer\" data-id=\"0858638\" data-element_type=\"widget\" data-e-type=\"widget\" data-widget_type=\"spacer.default\">\n\t\t\t\t\t\t\t<div class=\"elementor-spacer\">\n\t\t\t<div class=\"elementor-spacer-inner\"><\/div>\n\t\t<\/div>\n\t\t\t\t\t\t<\/div>\n\t\t\t\t<div class=\"elementor-element elementor-element-567a5e3 elementor-widget elementor-widget-heading\" data-id=\"567a5e3\" data-element_type=\"widget\" data-e-type=\"widget\" data-widget_type=\"heading.default\">\n\t\t\t\t\t<h2 class=\"elementor-heading-title elementor-size-default\">Die richtigen Entscheidungen beginnen mit zuverl\u00e4ssiger Information*<\/h2>\t\t\t\t<\/div>\n\t\t\t\t<div class=\"elementor-element elementor-element-d385923 elementor-widget-mobile__width-inherit elementor-widget elementor-widget-text-editor\" data-id=\"d385923\" data-element_type=\"widget\" data-e-type=\"widget\" data-widget_type=\"text-editor.default\">\n\t\t\t\t\t\t\t\t\t<div class=\"fraud-hero-text\"><ul><li><span style=\"text-decoration: underline;\"><a href=\"https:\/\/prosecure.com.tr\/ozgecmis-dogrulama\"><b>Lebenslaufpr\u00fcfung und -recherche<\/b>:<\/a><br><\/span>Verhinderung von Reputations-, finanziellen und rechtlichen Risiken, die durch gef\u00e4lschte Dokumente bei der Besetzung von Schl\u00fcsselpositionen und Neueinstellungen entstehen.<br><br><\/li><li><b><span style=\"text-decoration: underline;\"><a href=\"https:\/\/prosecure.com.tr\/de\/risikomanagement-fuer-dritte\/\" target=\"_blank\" rel=\"noopener noreferrer\">Drittanbieter-Risikomanagement<\/a><\/span><\/b><span style=\"text-decoration: underline;\">:<br><\/span>Aufdeckung von Eigent\u00fcmerstrukturen, T\u00e4tigkeitsbereichen und Reputationsrisiken von Unternehmen, mit denen eine Subunternehmer- oder Partnerschaftsbeziehung besteht oder eingegangen werden soll.<br><br><\/li><li><b><a href=\"https:\/\/prosecure.com.tr\/global-check\" target=\"_blank\" rel=\"noopener noreferrer\"><span style=\"text-decoration: underline;\">Global Check:<\/span><br><\/a><\/b>Ermittlung von AML- und anderen risikobehafteten Spuren potenzieller Gesch\u00e4ftspartner (Personen und Unternehmen) auf internationaler Ebene.<br><br><\/li><\/ul><p class=\"p3\">*Die in diesem Rahmen gewonnenen Informationen werden bei der Lebenslaufpr\u00fcfung und -recherche mit Zustimmung und Einverst\u00e4ndnis der zu untersuchenden Partei im Rahmen der KVKK (Datenschutzgesetz) eingeholt; in den anderen Abschnitten werden sie durch Open Source Intelligence (OSINT), \u00f6ffentlich zug\u00e4ngliche Datenbanken und Feldforschung gewonnen.<\/p><\/div>\t\t\t\t\t\t\t\t<\/div>\n\t\t\t\t<div class=\"elementor-element elementor-element-a5166aa elementor-hidden-desktop elementor-hidden-tablet elementor-hidden-mobile elementor-widget elementor-widget-heading\" data-id=\"a5166aa\" data-element_type=\"widget\" data-e-type=\"widget\" data-widget_type=\"heading.default\">\n\t\t\t\t\t<h2 class=\"elementor-heading-title elementor-size-default\">Der Unterschied zwischen Corporate Intelligence und Spionage<\/h2>\t\t\t\t<\/div>\n\t\t\t\t<div class=\"elementor-element elementor-element-d2cff04 elementor-widget-mobile__width-inherit elementor-hidden-desktop elementor-hidden-tablet elementor-hidden-mobile elementor-widget elementor-widget-text-editor\" data-id=\"d2cff04\" data-element_type=\"widget\" data-e-type=\"widget\" data-widget_type=\"text-editor.default\">\n\t\t\t\t\t\t\t\t\t<p class=\"p3\">Corporate Intelligence wird oft mit Wirtschaftsspionage verwechselt. Es gibt jedoch grundlegende und klare Unterschiede zwischen diesen beiden Konzepten. Unternehmensaufkl\u00e4rung, <span class=\"s2\"><b>in \u00dcbereinstimmung mit dem Gesetz<\/b><\/span>, <span class=\"s2\"><b>den ethischen Grunds\u00e4tzen verpflichtet<\/b><\/span> und <span class=\"s2\"><b>transparenten Quellen<\/b><\/span> mit den erhaltenen Informationen durchgef\u00fchrt wird. Spionage bezeichnet die Beschaffung von Informationen durch geheime, illegale oder betr\u00fcgerische Methoden.   <\/p><p class=\"p3\">Professionelle Corporate Intelligence-Aktivit\u00e4ten werden in voller \u00dcbereinstimmung mit den einschl\u00e4gigen Gesetzen und Datenschutzbestimmungen durchgef\u00fchrt.<\/p>\t\t\t\t\t\t\t\t<\/div>\n\t\t\t\t<\/div>\n\t\t\t\t\t<\/div>\n\t\t\t\t<\/div>\n\t\t<div class=\"elementor-element elementor-element-cf7df1f e-flex e-con-boxed e-con e-parent\" data-id=\"cf7df1f\" data-element_type=\"container\" data-e-type=\"container\">\n\t\t\t\t\t<div class=\"e-con-inner\">\n\t\t<div class=\"elementor-element elementor-element-abd047a e-con-full hero-divider e-flex e-con e-child\" data-id=\"abd047a\" data-element_type=\"container\" data-e-type=\"container\">\n\t\t\t\t<div class=\"elementor-element elementor-element-cc79a8f elementor-widget elementor-widget-heading\" data-id=\"cc79a8f\" data-element_type=\"widget\" data-e-type=\"widget\" data-widget_type=\"heading.default\">\n\t\t\t\t\t<h2 class=\"elementor-heading-title elementor-size-default\">Wie gut kennen Sie wirklich die Personen, mit denen Sie Gesch\u00e4fte machen?\n<\/h2>\t\t\t\t<\/div>\n\t\t\t\t<div class=\"elementor-element elementor-element-a4fe794 elementor-widget-mobile__width-inherit elementor-widget elementor-widget-text-editor\" data-id=\"a4fe794\" data-element_type=\"widget\" data-e-type=\"widget\" data-widget_type=\"text-editor.default\">\n\t\t\t\t\t\t\t\t\t<div class=\"fraud-hero-text\"><p><span style=\"font-weight: 400;\">Unsere Corporate Intelligence Services erm\u00f6glichen es Ihnen, in einem Umfeld der Ungewissheit Risiken zu antizipieren, Chancen genau zu bewerten und Ihre Entscheidungen auf eine solide Grundlage zu stellen.<\/span><\/p><ul><li><span style=\"font-weight: 400;\">Wie gut kennen Sie die Menschen oder Organisationen, mit denen Sie Gesch\u00e4fte machen, wirklich?<br><br><\/span><\/li><li><span style=\"font-weight: 400;\">Sind diese Beziehungen mit Ihrer Risikobereitschaft, Ihren Unternehmenswerten und Ihrem Ruf vereinbar?<br><br><\/span><\/li><li><span style=\"font-weight: 400;\">Gibt es geeignetere und risiko\u00e4rmere Alternativen?<\/span><\/li><\/ul><p> <\/p><\/div>\t\t\t\t\t\t\t\t<\/div>\n\t\t\t\t<\/div>\n\t\t\t\t\t<\/div>\n\t\t\t\t<\/div>\n\t\t<div class=\"elementor-element elementor-element-4c4a4e9 e-flex e-con-boxed e-con e-parent\" data-id=\"4c4a4e9\" data-element_type=\"container\" data-e-type=\"container\">\n\t\t\t\t\t<div class=\"e-con-inner\">\n\t\t<div class=\"elementor-element elementor-element-bc87cf2 e-con-full hero-divider e-flex e-con e-child\" data-id=\"bc87cf2\" data-element_type=\"container\" data-e-type=\"container\">\n\t\t\t\t<div class=\"elementor-element elementor-element-0ac20ff elementor-widget elementor-widget-heading\" data-id=\"0ac20ff\" data-element_type=\"widget\" data-e-type=\"widget\" data-widget_type=\"heading.default\">\n\t\t\t\t\t<h2 class=\"elementor-heading-title elementor-size-default\">Corporate Intelligence f\u00fcr Ihren Ruf\n<\/h2>\t\t\t\t<\/div>\n\t\t\t\t<div class=\"elementor-element elementor-element-48152ff elementor-widget-mobile__width-inherit elementor-widget elementor-widget-text-editor\" data-id=\"48152ff\" data-element_type=\"widget\" data-e-type=\"widget\" data-widget_type=\"text-editor.default\">\n\t\t\t\t\t\t\t\t\t<p><span style=\"font-weight: 400;\">Die Reputation ist einer der strategisch wichtigsten Verm\u00f6genswerte f\u00fcr Unternehmen und ein Schl\u00fcsselelement der langfristigen Wertsch\u00f6pfung. Unzureichende Analysen von Dritten k\u00f6nnen zu finanziellen Verlusten, beh\u00f6rdlichen Sanktionen und dauerhaften Rufsch\u00e4digungen f\u00fchren. <\/span><\/p><p><span style=\"font-weight: 400;\">Mit unserem ma\u00dfgeschneiderten Corporate-Intelligence-Service, den wir f\u00fcr nat\u00fcrliche und juristische Personen anbieten und der auf lokaler und globaler Ebene durchgef\u00fchrt wird, unterst\u00fctzen wir Sie bei der sicheren Gestaltung Ihrer Gesch\u00e4ftsbeziehungen und der St\u00e4rkung Ihres Corporate-Governance-Rahmens.<\/span><\/p>\t\t\t\t\t\t\t\t<\/div>\n\t\t\t\t<\/div>\n\t\t\t\t\t<\/div>\n\t\t\t\t<\/div>\n\t\t<div class=\"elementor-element elementor-element-2a42e21 e-flex e-con-boxed e-con e-parent\" data-id=\"2a42e21\" data-element_type=\"container\" data-e-type=\"container\" data-settings=\"{&quot;background_background&quot;:&quot;classic&quot;}\">\n\t\t\t\t\t<div class=\"e-con-inner\">\n\t\t<div class=\"elementor-element elementor-element-8ff8dbc hero-divider e-flex e-con-boxed e-con e-child\" data-id=\"8ff8dbc\" data-element_type=\"container\" data-e-type=\"container\" data-settings=\"{&quot;background_background&quot;:&quot;classic&quot;}\">\n\t\t\t\t\t<div class=\"e-con-inner\">\n\t\t\t\t<div class=\"elementor-element elementor-element-3bc64f3 elementor-widget elementor-widget-heading\" data-id=\"3bc64f3\" data-element_type=\"widget\" data-e-type=\"widget\" data-widget_type=\"heading.default\">\n\t\t\t\t\t<h2 class=\"elementor-heading-title elementor-size-default\">Die eigentliche Frage ist nicht die Existenz von Informationen, sondern deren Zuverl\u00e4ssigkeit, Relevanz und inwieweit sie zu Entscheidungsprozessen beitragen. <\/h2>\t\t\t\t<\/div>\n\t\t\t\t\t<\/div>\n\t\t\t\t<\/div>\n\t\t\t\t\t<\/div>\n\t\t\t\t<\/div>\n\t\t\t\t<\/div>\n\t\t","protected":false},"excerpt":{"rendered":"<p>Wie gut kennen Sie die Menschen oder Organisationen, mit denen Sie zusammenarbeiten, mit denen Sie Gesch\u00e4fte machen oder mit denen Sie Partnerschaften eingehen, wirklich? Was ist Corporate Intelligence? Corporate Intelligence ist die Gesamtheit der Aktivit\u00e4ten zur Sammlung, Analyse und Interpretation von Informationen innerhalb rechtlicher und ethischer Grenzen, um die strategischen Entscheidungsprozesse von Unternehmen zu unterst\u00fctzen. [&hellip;]<\/p>\n","protected":false},"author":1,"featured_media":0,"parent":0,"menu_order":0,"comment_status":"closed","ping_status":"closed","template":"","meta":{"footnotes":""},"class_list":["post-5091","page","type-page","status-publish","hentry"],"_links":{"self":[{"href":"https:\/\/prosecure.com.tr\/de\/wp-json\/wp\/v2\/pages\/5091","targetHints":{"allow":["GET"]}}],"collection":[{"href":"https:\/\/prosecure.com.tr\/de\/wp-json\/wp\/v2\/pages"}],"about":[{"href":"https:\/\/prosecure.com.tr\/de\/wp-json\/wp\/v2\/types\/page"}],"author":[{"embeddable":true,"href":"https:\/\/prosecure.com.tr\/de\/wp-json\/wp\/v2\/users\/1"}],"replies":[{"embeddable":true,"href":"https:\/\/prosecure.com.tr\/de\/wp-json\/wp\/v2\/comments?post=5091"}],"version-history":[{"count":3,"href":"https:\/\/prosecure.com.tr\/de\/wp-json\/wp\/v2\/pages\/5091\/revisions"}],"predecessor-version":[{"id":6395,"href":"https:\/\/prosecure.com.tr\/de\/wp-json\/wp\/v2\/pages\/5091\/revisions\/6395"}],"wp:attachment":[{"href":"https:\/\/prosecure.com.tr\/de\/wp-json\/wp\/v2\/media?parent=5091"}],"curies":[{"name":"wp","href":"https:\/\/api.w.org\/{rel}","templated":true}]}}