{"id":5107,"date":"2025-12-05T06:31:32","date_gmt":"2025-12-05T06:31:32","guid":{"rendered":"https:\/\/prosecure.com.tr\/karriere\/"},"modified":"2026-02-13T09:02:43","modified_gmt":"2026-02-13T09:02:43","slug":"karriere","status":"publish","type":"page","link":"https:\/\/prosecure.com.tr\/de\/karriere\/","title":{"rendered":"Karriere"},"content":{"rendered":"\t\t<div data-elementor-type=\"wp-page\" data-elementor-id=\"5107\" class=\"elementor elementor-5107 elementor-1137\" data-elementor-post-type=\"page\">\n\t\t\t\t<div class=\"elementor-element elementor-element-36fed08 e-con-full hero-pre e-flex e-con e-parent\" data-id=\"36fed08\" data-element_type=\"container\" data-e-type=\"container\" data-settings=\"{&quot;background_background&quot;:&quot;classic&quot;}\">\n\t\t<div class=\"elementor-element elementor-element-d71c440 e-flex e-con-boxed e-con e-child\" data-id=\"d71c440\" data-element_type=\"container\" data-e-type=\"container\">\n\t\t\t\t\t<div class=\"e-con-inner\">\n\t\t\t\t<div class=\"elementor-element elementor-element-5194cc4 elementor-widget elementor-widget-heading\" data-id=\"5194cc4\" data-element_type=\"widget\" data-e-type=\"widget\" data-widget_type=\"heading.default\">\n\t\t\t\t\t<h2 class=\"elementor-heading-title elementor-size-default\">Mitmachen<\/h2>\t\t\t\t<\/div>\n\t\t\t\t<div class=\"elementor-element elementor-element-3bf478f elementor-widget elementor-widget-text-editor\" data-id=\"3bf478f\" data-element_type=\"widget\" data-e-type=\"widget\" data-widget_type=\"text-editor.default\">\n\t\t\t\t\t\t\t\t\t<p>Mitmachen<\/p>\t\t\t\t\t\t\t\t<\/div>\n\t\t\t\t\t<\/div>\n\t\t\t\t<\/div>\n\t\t\t\t<\/div>\n\t\t<div class=\"elementor-element elementor-element-074758d e-flex e-con-boxed e-con e-parent\" data-id=\"074758d\" data-element_type=\"container\" data-e-type=\"container\">\n\t\t\t\t\t<div class=\"e-con-inner\">\n\t\t\t\t<div class=\"elementor-element elementor-element-dd300c7 elementor-widget elementor-widget-spacer\" data-id=\"dd300c7\" data-element_type=\"widget\" data-e-type=\"widget\" data-widget_type=\"spacer.default\">\n\t\t\t\t\t\t\t<div class=\"elementor-spacer\">\n\t\t\t<div class=\"elementor-spacer-inner\"><\/div>\n\t\t<\/div>\n\t\t\t\t\t\t<\/div>\n\t\t\t\t\t<\/div>\n\t\t\t\t<\/div>\n\t\t<div class=\"elementor-element elementor-element-d4094e2 e-flex e-con-boxed e-con e-parent\" data-id=\"d4094e2\" data-element_type=\"container\" data-e-type=\"container\">\n\t\t\t\t\t<div class=\"e-con-inner\">\n\t\t\t\t<div class=\"elementor-element elementor-element-dfa8b31 elementor-widget elementor-widget-text-editor\" data-id=\"dfa8b31\" data-element_type=\"widget\" data-e-type=\"widget\" data-widget_type=\"text-editor.default\">\n\t\t\t\t\t\t\t\t\t<h3 class=\"p1\">Wir bei Prosecure glauben, dass die gr\u00f6\u00dfte Kraft hinter unserem Erfolg unsere qualifizierten und zuverl\u00e4ssigen Mitarbeiter sind, die wir gemeinsam weiterentwickeln. Kommen Sie zu uns, wenn Sie in einem entwicklungsorientierten, dynamischen Team mitarbeiten m\u00f6chten, in dem Sie Ihr Talent in wertvollen Projekten einsetzen k\u00f6nnen. <\/h3>\t\t\t\t\t\t\t\t<\/div>\n\t\t\t\t\t<\/div>\n\t\t\t\t<\/div>\n\t\t<div class=\"elementor-element elementor-element-40c2c42 e-flex e-con-boxed e-con e-parent\" data-id=\"40c2c42\" data-element_type=\"container\" data-e-type=\"container\" data-settings=\"{&quot;background_background&quot;:&quot;classic&quot;}\">\n\t\t\t\t\t<div class=\"e-con-inner\">\n\t\t<div class=\"elementor-element elementor-element-e52f802 e-con-full hero-divider e-flex e-con e-child\" data-id=\"e52f802\" data-element_type=\"container\" data-e-type=\"container\">\n\t\t\t\t<div class=\"elementor-element elementor-element-ceaefbb elementor-widget elementor-widget-wpforms\" data-id=\"ceaefbb\" data-element_type=\"widget\" data-e-type=\"widget\" data-widget_type=\"wpforms.default\">\n\t\t\t\t<div class=\"elementor-widget-container\">\n\t\t\t\t\t<style id=\"wpforms-css-vars-elementor-widget-ceaefbb\">\n\t\t\t\t.elementor-widget-wpforms.elementor-element-ceaefbb {\n\t\t\t\t--wpforms-field-border-radius: 16px;\n--wpforms-button-border-radius: 24px;\n--wpforms-button-background-color: #333333;\n--wpforms-page-break-color: #090909;\n--wpforms-field-border-style: none;\n--wpforms-button-border-style: solid;\n--wpforms-button-border-color: #090909;\n--wpforms-button-text-color: #F5F5F5;\n--wpforms-field-border-size: 0px;\n--wpforms-field-size-input-height: 50px;\n--wpforms-field-size-input-spacing: 20px;\n--wpforms-field-size-font-size: 18px;\n--wpforms-field-size-line-height: 21px;\n--wpforms-field-size-padding-h: 14px;\n--wpforms-field-size-checkbox-size: 18px;\n--wpforms-field-size-sublabel-spacing: 10px;\n--wpforms-field-size-icon-size: 1.25;\n--wpforms-button-size-font-size: 20px;\n--wpforms-button-size-height: 48px;\n--wpforms-button-size-padding-h: 20px;\n--wpforms-button-size-margin-top: 15px;\n\t\t\t}\n\t\t\t<\/style><div class=\"wpforms-container wpforms-container-full wpforms-render-modern\" id=\"wpforms-4310\"><form id=\"wpforms-form-4310\" class=\"wpforms-validate wpforms-form wpforms-ajax-form\" data-formid=\"4310\" method=\"post\" enctype=\"multipart\/form-data\" action=\"\/de\/wp-json\/wp\/v2\/pages\/5107?wpforms_form_id=4310\" data-token=\"50e0239bb3c51b824f858da51f503a0b\" data-token-time=\"1778674994\"><noscript class=\"wpforms-error-noscript\">Bitte aktivieren Sie JavaScript in Ihrem Browser, um dieses Formular auszuf\u00fcllen.<\/noscript><div id=\"wpforms-error-noscript\" style=\"display: none;\">Bitte aktivieren Sie JavaScript in Ihrem Browser, um dieses Formular auszuf\u00fcllen.<\/div><div class=\"wpforms-field-container\"><div id=\"wpforms-4310-field_2-container\" class=\"wpforms-field wpforms-field-layout\" data-field-type=\"layout\" data-field-id=\"2\"><h3 class=\"wpforms-field-label\">\n\t\t\t\tBewerbungsformular\n\t\t\t<\/h3><div class=\"wpforms-field-layout-rows wpforms-field-large\"><div class=\"wpforms-layout-row\"><div class=\"wpforms-layout-column wpforms-layout-column-50\"><div id=\"wpforms-4310-field_1-container\" class=\"wpforms-field wpforms-field-name\" data-field-type=\"name\" data-field-id=\"1\"><label class=\"wpforms-field-label\" for=\"wpforms-4310-field_1\">Name Nachname <span class=\"wpforms-required-label\" aria-hidden=\"true\">*<\/span><\/label><input type=\"text\" id=\"wpforms-4310-field_1\" class=\"wpforms-field-medium wpforms-field-required\" name=\"wpforms[fields][1]\" aria-errormessage=\"wpforms-4310-field_1-error\" required><\/div><\/div><div class=\"wpforms-layout-column wpforms-layout-column-50\"><div id=\"wpforms-4310-field_3-container\" class=\"wpforms-field wpforms-field-phone\" data-field-type=\"phone\" data-field-id=\"3\"><label class=\"wpforms-field-label\" for=\"wpforms-4310-field_3\">Telefon <span class=\"wpforms-required-label\" aria-hidden=\"true\">*<\/span><\/label><input type=\"tel\" id=\"wpforms-4310-field_3\" class=\"wpforms-field-medium wpforms-field-required wpforms-smart-phone-field\" data-rule-smart-phone-field=\"true\" name=\"wpforms[fields][3]\" aria-label=\"Telefon\" aria-errormessage=\"wpforms-4310-field_3-error\" required><\/div><\/div><\/div><div class=\"wpforms-layout-row\"><div class=\"wpforms-layout-column wpforms-layout-column-50\"><div id=\"wpforms-4310-field_4-container\" class=\"wpforms-field wpforms-field-email\" data-field-type=\"email\" data-field-id=\"4\"><label class=\"wpforms-field-label\" for=\"wpforms-4310-field_4\">E-Mail <span class=\"wpforms-required-label\" aria-hidden=\"true\">*<\/span><\/label><input type=\"email\" id=\"wpforms-4310-field_4\" class=\"wpforms-field-medium wpforms-field-required\" name=\"wpforms[fields][4]\" spellcheck=\"false\" aria-errormessage=\"wpforms-4310-field_4-error\" required><\/div><\/div><div class=\"wpforms-layout-column wpforms-layout-column-50\"><div id=\"wpforms-4310-field_11-container\" class=\"wpforms-field wpforms-field-text\" data-field-type=\"text\" data-field-id=\"11\"><label class=\"wpforms-field-label\" for=\"wpforms-4310-field_11\">Provinz und Bezirk Ihrer Bewerbung <span class=\"wpforms-required-label\" aria-hidden=\"true\">*<\/span><\/label><input type=\"text\" id=\"wpforms-4310-field_11\" class=\"wpforms-field-medium wpforms-field-required\" name=\"wpforms[fields][11]\" aria-errormessage=\"wpforms-4310-field_11-error\" required><\/div><\/div><\/div><\/div><\/div><div id=\"wpforms-4310-field_25-container\" class=\"wpforms-field wpforms-field-layout\" data-field-type=\"layout\" data-field-id=\"25\"><h3 class=\"wpforms-field-label\">\n\t\t\t\tBereich Stellenbewerbung\n\t\t\t<\/h3><div class=\"wpforms-field-layout-rows wpforms-field-large\"><div class=\"wpforms-layout-row\"><div class=\"wpforms-layout-column wpforms-layout-column-100\"><div id=\"wpforms-4310-field_27-container\" class=\"wpforms-field wpforms-field-select wpforms-field-select-style-classic\" data-field-type=\"select\" data-field-id=\"27\"><label class=\"wpforms-field-label\" for=\"wpforms-4310-field_27\">W\u00e4hlen Sie den gew\u00fcnschten Bewerbungsbereich <span class=\"wpforms-required-label\" aria-hidden=\"true\">*<\/span><\/label><select id=\"wpforms-4310-field_27\" class=\"wpforms-field-large wpforms-field-required\" name=\"wpforms[fields][27]\" required=\"required\"><option value=\"\" class=\"placeholder\" disabled  selected='selected'>--- Auswahl w\u00e4hlen ---<\/option><option value=\"Digitales Marketing und soziale Medien\"  class=\"choice-7 depth-1\"  >Digitales Marketing und soziale Medien<\/option><option value=\"Anfrage\"  class=\"choice-5 depth-1\"  >Anfrage<\/option><option value=\"Personenschutzberater\"  class=\"choice-4 depth-1\"  >Personenschutzberater<\/option><option value=\"Sonstiges\"  class=\"choice-8 depth-1\"  >Sonstiges<\/option><\/select><\/div><\/div><\/div><\/div><\/div>\t\t<div id=\"wpforms-4310-field_5-container\"\n\t\t\tclass=\"wpforms-field wpforms-field-text\"\n\t\t\tdata-field-type=\"text\"\n\t\t\tdata-field-id=\"5\"\n\t\t\t>\n\t\t\t<label class=\"wpforms-field-label\" for=\"wpforms-4310-field_5\" >Sie gew\u00fcnschten (Kopie)<\/label>\n\t\t\t<input type=\"text\" id=\"wpforms-4310-field_5\" class=\"wpforms-field-medium\" name=\"wpforms[fields][5]\" >\n\t\t<\/div>\n\t\t<div id=\"wpforms-4310-field_36-container\" class=\"wpforms-field wpforms-field-textarea\" data-field-type=\"textarea\" data-field-id=\"36\"><label class=\"wpforms-field-label\" for=\"wpforms-4310-field_36\">Anschreiben <span class=\"wpforms-required-label\" aria-hidden=\"true\">*<\/span><\/label><textarea id=\"wpforms-4310-field_36\" class=\"wpforms-field-medium wpforms-field-required\" name=\"wpforms[fields][36]\" aria-errormessage=\"wpforms-4310-field_36-error\" aria-describedby=\"wpforms-4310-field_36-description\" required><\/textarea><div id=\"wpforms-4310-field_36-description\" class=\"wpforms-field-description\">Bitte erl\u00e4utern Sie detailliert, warum Sie sich f\u00fcr diese Position in diesem Bereich geeignet halten. F\u00fchren Sie konkrete Beispiele aus Ihren pers\u00f6nlichen Eigenschaften, Ihrer Ausbildung und Ihren beruflichen Erfahrungen an. Referenzen k\u00f6nnen Sie ebenfalls in diesem Abschnitt angeben. \n<\/div><\/div><div id=\"wpforms-4310-field_37-container\" class=\"wpforms-field wpforms-field-layout\" data-field-type=\"layout\" data-field-id=\"37\"><h3 class=\"wpforms-field-label\">\n\t\t\t\tBewerbungsunterlagen und Bild\n\t\t\t<\/h3><div class=\"wpforms-field-layout-rows wpforms-field-large\"><div class=\"wpforms-layout-row\"><div class=\"wpforms-layout-column wpforms-layout-column-50\"><div id=\"wpforms-4310-field_38-container\" class=\"wpforms-field wpforms-field-file-upload\" data-field-type=\"file-upload\" data-field-id=\"38\"><label class=\"wpforms-field-label\" for=\"wpforms-4310-field_38\">Laden Sie hier Ihren Lebenslauf hoch<\/label><div\n\t\tclass=\"wpforms-uploader \"\n\t\tdata-field-id=\"38\"\n\t\tdata-form-id=\"4310\"\n\t\tdata-input-name=\"wpforms_4310_38\"\n\t\tdata-extensions=\"pdf\"\n\t\tdata-max-size=\"5242880\"\n\t\tdata-max-file-number=\"1\"\n\t\tdata-post-max-size=\"1073741824\"\n\t\tdata-max-parallel-uploads=\"4\"\n\t\tdata-parallel-uploads=\"true\"\n\t\tdata-file-chunk-size=\"2097152\">\n\t<div class=\"dz-message\">\n\t\t<svg  viewBox=\"0 0 640 640\" focusable=\"false\" data-icon=\"inbox\" width=\"50px\" height=\"50px\" fill=\"currentColor\" aria-hidden=\"true\">\n\t\t\t<path d=\"M352 173.3L352 384C352 401.7 337.7 416 320 416C302.3 416 288 401.7 288 384L288 173.3L246.6 214.7C234.1 227.2 213.8 227.2 201.3 214.7C188.8 202.2 188.8 181.9 201.3 169.4L297.3 73.4C309.8 60.9 330.1 60.9 342.6 73.4L438.6 169.4C451.1 181.9 451.1 202.2 438.6 214.7C426.1 227.2 405.8 227.2 393.3 214.7L352 173.3zM320 464C364.2 464 400 428.2 400 384L480 384C515.3 384 544 412.7 544 448L544 480C544 515.3 515.3 544 480 544L160 544C124.7 544 96 515.3 96 480L96 448C96 412.7 124.7 384 160 384L240 384C240 428.2 275.8 464 320 464zM464 488C477.3 488 488 477.3 488 464C488 450.7 477.3 440 464 440C450.7 440 440 450.7 440 464C440 477.3 450.7 488 464 488z\"\/>\n\t\t<\/svg>\n\n\t\t<span class=\"modern-title\">\n\t\t\t\t\t\t\tDateien ziehen und ablegen,  \t\t\t\t<span>Dateien zum Hochladen ausw\u00e4hlen<\/span>\n\t\t\t\t\t<\/span>\n\n\t\t\t<\/div>\n<\/div>\n\n<input\n\t\ttype=\"text\"\n\t\tautocomplete=\"off\"\n\t\treadonly\n\t\tclass=\"dropzone-input\"\n\t\tstyle=\"position:absolute!important;clip:rect(0,0,0,0)!important;height:1px!important;width:1px!important;border:0!important;overflow:hidden!important;padding:0!important;margin:0!important;\"\n\t\tid=\"wpforms-4310-field_38\"\n\t\tname=\"wpforms_4310_38\" \t\tvalue=\"\">\n<div id=\"wpforms-4310-field_38-description\" class=\"wpforms-field-description\">Ihr Lebenslauf im PDF-Format<\/div><\/div><\/div><div class=\"wpforms-layout-column wpforms-layout-column-50\"><div id=\"wpforms-4310-field_39-container\" class=\"wpforms-field wpforms-field-file-upload\" data-field-type=\"file-upload\" data-field-id=\"39\"><label class=\"wpforms-field-label\" for=\"wpforms-4310-field_39\">Laden Sie hier Ihr Passfoto hoch<\/label><div\n\t\tclass=\"wpforms-uploader \"\n\t\tdata-field-id=\"39\"\n\t\tdata-form-id=\"4310\"\n\t\tdata-input-name=\"wpforms_4310_39\"\n\t\tdata-extensions=\"jpg,png,tiff\"\n\t\tdata-max-size=\"5242880\"\n\t\tdata-max-file-number=\"1\"\n\t\tdata-post-max-size=\"1073741824\"\n\t\tdata-max-parallel-uploads=\"4\"\n\t\tdata-parallel-uploads=\"true\"\n\t\tdata-file-chunk-size=\"2097152\">\n\t<div class=\"dz-message\">\n\t\t<svg  viewBox=\"0 0 640 640\" focusable=\"false\" data-icon=\"inbox\" width=\"50px\" height=\"50px\" fill=\"currentColor\" aria-hidden=\"true\">\n\t\t\t<path d=\"M352 173.3L352 384C352 401.7 337.7 416 320 416C302.3 416 288 401.7 288 384L288 173.3L246.6 214.7C234.1 227.2 213.8 227.2 201.3 214.7C188.8 202.2 188.8 181.9 201.3 169.4L297.3 73.4C309.8 60.9 330.1 60.9 342.6 73.4L438.6 169.4C451.1 181.9 451.1 202.2 438.6 214.7C426.1 227.2 405.8 227.2 393.3 214.7L352 173.3zM320 464C364.2 464 400 428.2 400 384L480 384C515.3 384 544 412.7 544 448L544 480C544 515.3 515.3 544 480 544L160 544C124.7 544 96 515.3 96 480L96 448C96 412.7 124.7 384 160 384L240 384C240 428.2 275.8 464 320 464zM464 488C477.3 488 488 477.3 488 464C488 450.7 477.3 440 464 440C450.7 440 440 450.7 440 464C440 477.3 450.7 488 464 488z\"\/>\n\t\t<\/svg>\n\n\t\t<span class=\"modern-title\">\n\t\t\t\t\t\t\tDateien ziehen und ablegen,  \t\t\t\t<span>Dateien zum Hochladen ausw\u00e4hlen<\/span>\n\t\t\t\t\t<\/span>\n\n\t\t\t<\/div>\n<\/div>\n\n<input\n\t\ttype=\"text\"\n\t\tautocomplete=\"off\"\n\t\treadonly\n\t\tclass=\"dropzone-input\"\n\t\tstyle=\"position:absolute!important;clip:rect(0,0,0,0)!important;height:1px!important;width:1px!important;border:0!important;overflow:hidden!important;padding:0!important;margin:0!important;\"\n\t\tid=\"wpforms-4310-field_39\"\n\t\tname=\"wpforms_4310_39\" \t\tvalue=\"\">\n<div id=\"wpforms-4310-field_39-description\" class=\"wpforms-field-description\">Wird in Ihrer HR-Akte in unserem System verwendet.<\/div><\/div><\/div><\/div><div class=\"wpforms-layout-row\"><div class=\"wpforms-layout-column wpforms-layout-column-50\"><div id=\"wpforms-4310-field_40-container\" class=\"wpforms-field wpforms-field-file-upload\" data-field-type=\"file-upload\" data-field-id=\"40\"><label class=\"wpforms-field-label\" for=\"wpforms-4310-field_40\">Dokumenten-Upload-Bereich - 1<\/label><div\n\t\tclass=\"wpforms-uploader \"\n\t\tdata-field-id=\"40\"\n\t\tdata-form-id=\"4310\"\n\t\tdata-input-name=\"wpforms_4310_40\"\n\t\tdata-extensions=\"\"\n\t\tdata-max-size=\"20971520\"\n\t\tdata-max-file-number=\"10\"\n\t\tdata-post-max-size=\"1073741824\"\n\t\tdata-max-parallel-uploads=\"4\"\n\t\tdata-parallel-uploads=\"true\"\n\t\tdata-file-chunk-size=\"2097152\">\n\t<div class=\"dz-message\">\n\t\t<svg  viewBox=\"0 0 640 640\" focusable=\"false\" data-icon=\"inbox\" width=\"50px\" height=\"50px\" fill=\"currentColor\" aria-hidden=\"true\">\n\t\t\t<path d=\"M352 173.3L352 384C352 401.7 337.7 416 320 416C302.3 416 288 401.7 288 384L288 173.3L246.6 214.7C234.1 227.2 213.8 227.2 201.3 214.7C188.8 202.2 188.8 181.9 201.3 169.4L297.3 73.4C309.8 60.9 330.1 60.9 342.6 73.4L438.6 169.4C451.1 181.9 451.1 202.2 438.6 214.7C426.1 227.2 405.8 227.2 393.3 214.7L352 173.3zM320 464C364.2 464 400 428.2 400 384L480 384C515.3 384 544 412.7 544 448L544 480C544 515.3 515.3 544 480 544L160 544C124.7 544 96 515.3 96 480L96 448C96 412.7 124.7 384 160 384L240 384C240 428.2 275.8 464 320 464zM464 488C477.3 488 488 477.3 488 464C488 450.7 477.3 440 464 440C450.7 440 440 450.7 440 464C440 477.3 450.7 488 464 488z\"\/>\n\t\t<\/svg>\n\n\t\t<span class=\"modern-title\">\n\t\t\t\t\t\t\tDateien ziehen und ablegen,  \t\t\t\t<span>Dateien zum Hochladen ausw\u00e4hlen<\/span>\n\t\t\t\t\t<\/span>\n\n\t\t\t\t\t<span class=\"modern-hint\">Du kannst bis zu 10 Dateien hochladen.<\/span>\n\t\t\t<\/div>\n<\/div>\n\n<input\n\t\ttype=\"text\"\n\t\tautocomplete=\"off\"\n\t\treadonly\n\t\tclass=\"dropzone-input\"\n\t\tstyle=\"position:absolute!important;clip:rect(0,0,0,0)!important;height:1px!important;width:1px!important;border:0!important;overflow:hidden!important;padding:0!important;margin:0!important;\"\n\t\tid=\"wpforms-4310-field_40\"\n\t\tname=\"wpforms_4310_40\" \t\tvalue=\"\">\n<\/div><\/div><div class=\"wpforms-layout-column wpforms-layout-column-50\"><div id=\"wpforms-4310-field_42-container\" class=\"wpforms-field wpforms-field-file-upload\" data-field-type=\"file-upload\" data-field-id=\"42\"><label class=\"wpforms-field-label\" for=\"wpforms-4310-field_42\">Dokumenten-Upload-Bereich - 2<\/label><div\n\t\tclass=\"wpforms-uploader \"\n\t\tdata-field-id=\"42\"\n\t\tdata-form-id=\"4310\"\n\t\tdata-input-name=\"wpforms_4310_42\"\n\t\tdata-extensions=\"\"\n\t\tdata-max-size=\"20971520\"\n\t\tdata-max-file-number=\"10\"\n\t\tdata-post-max-size=\"1073741824\"\n\t\tdata-max-parallel-uploads=\"4\"\n\t\tdata-parallel-uploads=\"true\"\n\t\tdata-file-chunk-size=\"2097152\">\n\t<div class=\"dz-message\">\n\t\t<svg  viewBox=\"0 0 640 640\" focusable=\"false\" data-icon=\"inbox\" width=\"50px\" height=\"50px\" fill=\"currentColor\" aria-hidden=\"true\">\n\t\t\t<path d=\"M352 173.3L352 384C352 401.7 337.7 416 320 416C302.3 416 288 401.7 288 384L288 173.3L246.6 214.7C234.1 227.2 213.8 227.2 201.3 214.7C188.8 202.2 188.8 181.9 201.3 169.4L297.3 73.4C309.8 60.9 330.1 60.9 342.6 73.4L438.6 169.4C451.1 181.9 451.1 202.2 438.6 214.7C426.1 227.2 405.8 227.2 393.3 214.7L352 173.3zM320 464C364.2 464 400 428.2 400 384L480 384C515.3 384 544 412.7 544 448L544 480C544 515.3 515.3 544 480 544L160 544C124.7 544 96 515.3 96 480L96 448C96 412.7 124.7 384 160 384L240 384C240 428.2 275.8 464 320 464zM464 488C477.3 488 488 477.3 488 464C488 450.7 477.3 440 464 440C450.7 440 440 450.7 440 464C440 477.3 450.7 488 464 488z\"\/>\n\t\t<\/svg>\n\n\t\t<span class=\"modern-title\">\n\t\t\t\t\t\t\tDateien ziehen und ablegen,  \t\t\t\t<span>Dateien zum Hochladen ausw\u00e4hlen<\/span>\n\t\t\t\t\t<\/span>\n\n\t\t\t\t\t<span class=\"modern-hint\">Du kannst bis zu 10 Dateien hochladen.<\/span>\n\t\t\t<\/div>\n<\/div>\n\n<input\n\t\ttype=\"text\"\n\t\tautocomplete=\"off\"\n\t\treadonly\n\t\tclass=\"dropzone-input\"\n\t\tstyle=\"position:absolute!important;clip:rect(0,0,0,0)!important;height:1px!important;width:1px!important;border:0!important;overflow:hidden!important;padding:0!important;margin:0!important;\"\n\t\tid=\"wpforms-4310-field_42\"\n\t\tname=\"wpforms_4310_42\" \t\tvalue=\"\">\n<\/div><\/div><\/div><\/div><\/div><div id=\"wpforms-4310-field_47-container\" class=\"wpforms-field wpforms-field-checkbox\" data-field-type=\"checkbox\" data-field-id=\"47\"><fieldset><legend class=\"wpforms-field-label wpforms-label-hide\" aria-hidden=\"false\">Kontrollk\u00e4stchen <span class=\"wpforms-required-label\" aria-hidden=\"true\">*<\/span><\/legend><ul id=\"wpforms-4310-field_47\" class=\"wpforms-field-required\"><li class=\"choice-1 depth-1\"><input type=\"checkbox\" id=\"wpforms-4310-field_47_1\" name=\"wpforms[fields][47][]\" value=\"Ich bin damit einverstanden, dass meine pers\u00f6nlichen Daten, die ich im Rahmen meiner Bewerbung mitgeteilt habe, zum Zwecke der Durchf\u00fchrung des Bewerbungsverfahrens verarbeitet und gespeichert werden.\" aria-errormessage=\"wpforms-4310-field_47_1-error\" required ><label class=\"wpforms-field-label-inline\" for=\"wpforms-4310-field_47_1\">Ich bin damit einverstanden, dass meine pers\u00f6nlichen Daten, die ich im Rahmen meiner Bewerbung mitgeteilt habe, zum Zwecke der Durchf\u00fchrung des Bewerbungsverfahrens verarbeitet und gespeichert werden.<\/label><\/li><\/ul><\/fieldset><\/div><div id=\"wpforms-4310-field_48-container\" class=\"wpforms-field wpforms-field-checkbox\" data-field-type=\"checkbox\" data-field-id=\"48\"><fieldset><legend class=\"wpforms-field-label wpforms-label-hide\" aria-hidden=\"false\">Kontrollk\u00e4stchen (Kopie) <span class=\"wpforms-required-label\" aria-hidden=\"true\">*<\/span><\/legend><ul id=\"wpforms-4310-field_48\" class=\"wpforms-field-required\"><li class=\"choice-1 depth-1\"><input type=\"checkbox\" id=\"wpforms-4310-field_48_1\" name=\"wpforms[fields][48][]\" value=\"Ich habe den Text \u00fcber den Schutz und die Verarbeitung personenbezogener Daten und die Aufkl\u00e4rung gelesen und akzeptiere ihn.\" aria-errormessage=\"wpforms-4310-field_48_1-error\" required ><label class=\"wpforms-field-label-inline\" for=\"wpforms-4310-field_48_1\">Ich habe den Text \u00fcber den Schutz und die Verarbeitung personenbezogener Daten und die Aufkl\u00e4rung gelesen und akzeptiere ihn.<\/label><\/li><\/ul><\/fieldset><\/div><script>\n\t\t\t\t( function() {\n\t\t\t\t\tconst style = document.createElement( 'style' );\n\t\t\t\t\tstyle.appendChild( document.createTextNode( '#wpforms-4310-field_5-container { position: absolute !important; overflow: hidden !important; display: inline !important; height: 1px !important; width: 1px !important; z-index: -1000 !important; padding: 0 !important; } #wpforms-4310-field_5-container input { visibility: hidden; } #wpforms-conversational-form-page #wpforms-4310-field_5-container label { counter-increment: none; }' ) );\n\t\t\t\t\tdocument.head.appendChild( style );\n\t\t\t\t\tdocument.currentScript?.remove();\n\t\t\t\t} )();\n\t\t\t<\/script><\/div><!-- .wpforms-field-container --><div class=\"wpforms-recaptcha-container wpforms-is-recaptcha wpforms-is-recaptcha-type-v3\" ><input type=\"hidden\" name=\"wpforms[recaptcha]\" value=\"\"><\/div><div class=\"wpforms-submit-container\" ><input type=\"hidden\" name=\"wpforms[id]\" value=\"4310\"><input type=\"hidden\" name=\"page_title\" value=\"\"><input type=\"hidden\" name=\"page_url\" value=\"https:\/\/prosecure.com.tr\/de\/wp-json\/wp\/v2\/pages\/5107\"><input type=\"hidden\" name=\"url_referer\" value=\"\"><button type=\"submit\" name=\"wpforms[submit]\" id=\"wpforms-submit-4310\" class=\"wpforms-submit\" data-alt-text=\"Senden Sie...\" data-submit-text=\"Senden Sie\" aria-live=\"assertive\" value=\"wpforms-submit\">Senden Sie<\/button><img decoding=\"async\" src=\"https:\/\/prosecure.com.tr\/wp-content\/plugins\/wpforms\/assets\/images\/submit-spin.svg\" class=\"wpforms-submit-spinner\" style=\"display: none;\" width=\"26\" height=\"26\" alt=\"Wird geladen\"><\/div><\/form><\/div>  <!-- .wpforms-container -->\t\t\t\t<\/div>\n\t\t\t\t<\/div>\n\t\t\t\t<\/div>\n\t\t\t\t\t<\/div>\n\t\t\t\t<\/div>\n\t\t\t\t<\/div>\n\t\t","protected":false},"excerpt":{"rendered":"<p>Mitmachen Mitmachen Wir bei Prosecure glauben, dass die gr\u00f6\u00dfte Kraft hinter unserem Erfolg unsere qualifizierten und zuverl\u00e4ssigen Mitarbeiter sind, die wir gemeinsam weiterentwickeln. Kommen Sie zu uns, wenn Sie in einem entwicklungsorientierten, dynamischen Team mitarbeiten m\u00f6chten, in dem Sie Ihr Talent in wertvollen Projekten einsetzen k\u00f6nnen. Bu formu doldurmak i\u00e7in l\u00fctfen taray\u0131c\u0131n\u0131zda JavaScript&#039;i etkinle\u015ftirin.Bu formu [&hellip;]<\/p>\n","protected":false},"author":1,"featured_media":0,"parent":0,"menu_order":0,"comment_status":"closed","ping_status":"closed","template":"","meta":{"footnotes":""},"class_list":["post-5107","page","type-page","status-publish","hentry"],"_links":{"self":[{"href":"https:\/\/prosecure.com.tr\/de\/wp-json\/wp\/v2\/pages\/5107","targetHints":{"allow":["GET"]}}],"collection":[{"href":"https:\/\/prosecure.com.tr\/de\/wp-json\/wp\/v2\/pages"}],"about":[{"href":"https:\/\/prosecure.com.tr\/de\/wp-json\/wp\/v2\/types\/page"}],"author":[{"embeddable":true,"href":"https:\/\/prosecure.com.tr\/de\/wp-json\/wp\/v2\/users\/1"}],"replies":[{"embeddable":true,"href":"https:\/\/prosecure.com.tr\/de\/wp-json\/wp\/v2\/comments?post=5107"}],"version-history":[{"count":5,"href":"https:\/\/prosecure.com.tr\/de\/wp-json\/wp\/v2\/pages\/5107\/revisions"}],"predecessor-version":[{"id":6265,"href":"https:\/\/prosecure.com.tr\/de\/wp-json\/wp\/v2\/pages\/5107\/revisions\/6265"}],"wp:attachment":[{"href":"https:\/\/prosecure.com.tr\/de\/wp-json\/wp\/v2\/media?parent=5107"}],"curies":[{"name":"wp","href":"https:\/\/api.w.org\/{rel}","templated":true}]}}