{"id":5110,"date":"2025-12-04T13:05:03","date_gmt":"2025-12-04T13:05:03","guid":{"rendered":"https:\/\/prosecure.com.tr\/kontakt\/"},"modified":"2026-04-03T10:14:51","modified_gmt":"2026-04-03T10:14:51","slug":"kontakt","status":"publish","type":"page","link":"https:\/\/prosecure.com.tr\/de\/kontakt\/","title":{"rendered":"Kontakt"},"content":{"rendered":"\t\t<div data-elementor-type=\"wp-page\" data-elementor-id=\"5110\" class=\"elementor elementor-5110 elementor-1095\" data-elementor-post-type=\"page\">\n\t\t\t\t<div class=\"elementor-element elementor-element-36fed08 e-con-full e-flex e-con e-parent\" data-id=\"36fed08\" data-element_type=\"container\" data-e-type=\"container\">\n\t\t\t\t<\/div>\n\t\t<div class=\"elementor-element elementor-element-29890ab e-flex e-con-boxed e-con e-parent\" data-id=\"29890ab\" data-element_type=\"container\" data-e-type=\"container\">\n\t\t\t\t\t<div class=\"e-con-inner\">\n\t\t<div class=\"elementor-element elementor-element-86ff5f7 e-con-full e-flex e-con e-child\" data-id=\"86ff5f7\" data-element_type=\"container\" data-e-type=\"container\">\n\t\t\t\t<div class=\"elementor-element elementor-element-df040c5 elementor-widget elementor-widget-text-editor\" data-id=\"df040c5\" data-element_type=\"widget\" data-e-type=\"widget\" data-widget_type=\"text-editor.default\">\n\t\t\t\t\t\t\t\t\t<h2>F\u00fcr Ihre Fragen, <span style=\"color: rgba(10, 10, 10, 0.6); font-size: inherit; letter-spacing: -3.3px; text-align: var(--text-align); font-family: var(--uicore-typography--p-f,'Inter'); font-style: var(--uicore-typography--p-st,'normal'); text-transform: var(--uicore-typography--p-t,'none');\">kontaktieren Sie uns<\/span><\/h2>\t\t\t\t\t\t\t\t<\/div>\n\t\t\t\t<div class=\"elementor-element elementor-element-d704a98 elementor-widget-mobile__width-inherit elementor-widget elementor-widget-text-editor\" data-id=\"d704a98\" data-element_type=\"widget\" data-e-type=\"widget\" data-widget_type=\"text-editor.default\">\n\t\t\t\t\t\t\t\t\t<p class=\"p1\">Bitte f\u00fcllen Sie das Formular mit Ihrer Anfrage aus. Unser Team wird sich so schnell wie m\u00f6glich mit Ihnen in Verbindung setzen. <\/p>\t\t\t\t\t\t\t\t<\/div>\n\t\t\t\t<div class=\"elementor-element elementor-element-0226c5f elementor-widget elementor-widget-wpforms\" data-id=\"0226c5f\" data-element_type=\"widget\" data-e-type=\"widget\" data-widget_type=\"wpforms.default\">\n\t\t\t\t<div class=\"elementor-widget-container\">\n\t\t\t\t\t<style id=\"wpforms-css-vars-elementor-widget-0226c5f\">\n\t\t\t\t.elementor-widget-wpforms.elementor-element-0226c5f {\n\t\t\t\t--wpforms-field-border-radius: 24px;\n--wpforms-button-border-radius: 24px;\n--wpforms-button-background-color: #090909;\n--wpforms-field-border-style: none;\n--wpforms-button-border-style: solid;\n--wpforms-button-border-color: #090909;\n--wpforms-page-break-color: #0D141A;\n--wpforms-button-text-color: #F5F5F5;\n--wpforms-field-border-size: 0px;\n--wpforms-field-size-input-height: 50px;\n--wpforms-field-size-input-spacing: 20px;\n--wpforms-field-size-font-size: 18px;\n--wpforms-field-size-line-height: 21px;\n--wpforms-field-size-padding-h: 14px;\n--wpforms-field-size-checkbox-size: 18px;\n--wpforms-field-size-sublabel-spacing: 10px;\n--wpforms-field-size-icon-size: 1.25;\n\t\t\t}\n\t\t\t<\/style><div class=\"wpforms-container wpforms-container-full wpforms-render-modern\" id=\"wpforms-4307\"><form id=\"wpforms-form-4307\" class=\"wpforms-validate wpforms-form wpforms-ajax-form\" data-formid=\"4307\" method=\"post\" enctype=\"multipart\/form-data\" action=\"\/de\/wp-json\/wp\/v2\/pages\/5110\" data-token=\"1b553b1f1b48d65b0ac5296cd4e5e84e\" data-token-time=\"1778675024\"><noscript class=\"wpforms-error-noscript\">Bitte aktivieren Sie JavaScript in Ihrem Browser, um dieses Formular auszuf\u00fcllen.<\/noscript><div id=\"wpforms-error-noscript\" style=\"display: none;\">Bitte aktivieren Sie JavaScript in Ihrem Browser, um dieses Formular auszuf\u00fcllen.<\/div><div class=\"wpforms-field-container\">\t\t<div id=\"wpforms-4307-field_8-container\"\n\t\t\tclass=\"wpforms-field wpforms-field-text\"\n\t\t\tdata-field-type=\"text\"\n\t\t\tdata-field-id=\"8\"\n\t\t\t>\n\t\t\t<label class=\"wpforms-field-label\" for=\"wpforms-4307-field_8\" >Bize Numaran\u0131z Soyad\u0131n\u0131z<\/label>\n\t\t\t<input type=\"text\" id=\"wpforms-4307-field_8\" class=\"wpforms-field-medium\" name=\"wpforms[fields][8]\" >\n\t\t<\/div>\n\t\t<div id=\"wpforms-4307-field_1-container\" class=\"wpforms-field wpforms-field-layout\" data-field-type=\"layout\" data-field-id=\"1\"><div class=\"wpforms-field-layout-rows wpforms-field-large\"><div class=\"wpforms-layout-row\"><div class=\"wpforms-layout-column wpforms-layout-column-50\"><div id=\"wpforms-4307-field_2-container\" class=\"wpforms-field wpforms-field-name\" data-field-type=\"name\" data-field-id=\"2\"><label class=\"wpforms-field-label wpforms-label-hide\" for=\"wpforms-4307-field_2\" aria-hidden=\"false\">Ad\u0131n\u0131z <span class=\"wpforms-required-label\" aria-hidden=\"true\">*<\/span><\/label><input type=\"text\" id=\"wpforms-4307-field_2\" class=\"wpforms-field-medium wpforms-field-required\" name=\"wpforms[fields][2]\" placeholder=\"Ad\u0131n\u0131z*\" aria-errormessage=\"wpforms-4307-field_2-error\" required><\/div><\/div><div class=\"wpforms-layout-column wpforms-layout-column-50\"><div id=\"wpforms-4307-field_3-container\" class=\"wpforms-field wpforms-field-name\" data-field-type=\"name\" data-field-id=\"3\"><label class=\"wpforms-field-label wpforms-label-hide\" for=\"wpforms-4307-field_3\" aria-hidden=\"false\">Soyad\u0131n\u0131z <span class=\"wpforms-required-label\" aria-hidden=\"true\">*<\/span><\/label><input type=\"text\" id=\"wpforms-4307-field_3\" class=\"wpforms-field-medium wpforms-field-required\" name=\"wpforms[fields][3]\" placeholder=\"Soyad\u0131n\u0131z*\" aria-errormessage=\"wpforms-4307-field_3-error\" required><\/div><\/div><\/div><div class=\"wpforms-layout-row\"><div class=\"wpforms-layout-column wpforms-layout-column-50\"><div id=\"wpforms-4307-field_4-container\" class=\"wpforms-field wpforms-field-phone\" data-field-type=\"phone\" data-field-id=\"4\"><label class=\"wpforms-field-label wpforms-label-hide\" for=\"wpforms-4307-field_4\" aria-hidden=\"false\">Telefon Numaran\u0131z <span class=\"wpforms-required-label\" aria-hidden=\"true\">*<\/span><\/label><input type=\"tel\" id=\"wpforms-4307-field_4\" class=\"wpforms-field-medium wpforms-field-required wpforms-smart-phone-field\" data-rule-smart-phone-field=\"true\" name=\"wpforms[fields][4]\" placeholder=\"Telefon Numaran\u0131z*\" aria-label=\"Telefon Numaran\u0131z\" aria-errormessage=\"wpforms-4307-field_4-error\" required><\/div><\/div><div class=\"wpforms-layout-column wpforms-layout-column-50\"><div id=\"wpforms-4307-field_5-container\" class=\"wpforms-field wpforms-field-email\" data-field-type=\"email\" data-field-id=\"5\"><label class=\"wpforms-field-label wpforms-label-hide\" for=\"wpforms-4307-field_5\" aria-hidden=\"false\">E-Posta Adresiniz <span class=\"wpforms-required-label\" aria-hidden=\"true\">*<\/span><\/label><input type=\"email\" id=\"wpforms-4307-field_5\" class=\"wpforms-field-medium wpforms-field-required\" name=\"wpforms[fields][5]\" placeholder=\"E-Posta Adresiniz*\" spellcheck=\"false\" aria-errormessage=\"wpforms-4307-field_5-error\" required><\/div><\/div><\/div><\/div><\/div><div id=\"wpforms-4307-field_6-container\" class=\"wpforms-field wpforms-field-textarea\" data-field-type=\"textarea\" data-field-id=\"6\"><label class=\"wpforms-field-label wpforms-label-hide\" for=\"wpforms-4307-field_6\" aria-hidden=\"false\">Bize \u0130letmek \u0130stedikleriniz <span class=\"wpforms-required-label\" aria-hidden=\"true\">*<\/span><\/label><textarea id=\"wpforms-4307-field_6\" class=\"wpforms-field-medium wpforms-field-required\" name=\"wpforms[fields][6]\" placeholder=\"Was Sie uns schicken m\u00f6chten*\" aria-errormessage=\"wpforms-4307-field_6-error\" required><\/textarea><\/div><div id=\"wpforms-4307-field_7-container\" class=\"wpforms-field wpforms-field-checkbox\" data-field-type=\"checkbox\" data-field-id=\"7\"><fieldset><legend class=\"wpforms-field-label wpforms-label-hide\" aria-hidden=\"false\">Onay kutusu <span class=\"wpforms-required-label\" aria-hidden=\"true\">*<\/span><\/legend><ul id=\"wpforms-4307-field_7\" class=\"wpforms-field-required\"><li class=\"choice-1 depth-1\"><input type=\"checkbox\" id=\"wpforms-4307-field_7_1\" name=\"wpforms[fields][7][]\" value=\"Prosecure \u015firketinin  ileti\u015fim formu kapsam\u0131nda payla\u015ft\u0131\u011f\u0131m ki\u015fisel verilerim \u00fczerinden, taraf\u0131mla ileti\u015fime ge\u00e7mesini kabul ediyorum.\" aria-errormessage=\"wpforms-4307-field_7_1-error\" required ><label class=\"wpforms-field-label-inline\" for=\"wpforms-4307-field_7_1\">Prosecure \u015firketinin  ileti\u015fim formu kapsam\u0131nda payla\u015ft\u0131\u011f\u0131m ki\u015fisel verilerim \u00fczerinden, taraf\u0131mla ileti\u015fime ge\u00e7mesini kabul ediyorum.<\/label><\/li><\/ul><\/fieldset><\/div><div id=\"wpforms-4307-field_10-container\" class=\"wpforms-field wpforms-field-checkbox\" data-field-type=\"checkbox\" data-field-id=\"10\"><fieldset><legend class=\"wpforms-field-label wpforms-label-hide\" aria-hidden=\"false\">Onay kutusu (kopya) <span class=\"wpforms-required-label\" aria-hidden=\"true\">*<\/span><\/legend><ul id=\"wpforms-4307-field_10\" class=\"wpforms-field-required\"><li class=\"choice-1 depth-1\"><input type=\"checkbox\" id=\"wpforms-4307-field_10_1\" name=\"wpforms[fields][10][]\" value=\"Ki\u015fisel Verilerin Korunmas\u0131 ve \u0130\u015flenmesi ve Ayd\u0131nlatma Metni&#039;ni okudum ve kabul ediyorum.*\" aria-errormessage=\"wpforms-4307-field_10_1-error\" required ><label class=\"wpforms-field-label-inline\" for=\"wpforms-4307-field_10_1\">Ki\u015fisel Verilerin Korunmas\u0131 ve \u0130\u015flenmesi ve Ayd\u0131nlatma Metni'ni okudum ve kabul ediyorum.*<\/label><\/li><\/ul><\/fieldset><\/div><script>\n\t\t\t\t( function() {\n\t\t\t\t\tconst style = document.createElement( 'style' );\n\t\t\t\t\tstyle.appendChild( document.createTextNode( '#wpforms-4307-field_8-container { position: absolute !important; overflow: hidden !important; display: inline !important; height: 1px !important; width: 1px !important; z-index: -1000 !important; padding: 0 !important; } #wpforms-4307-field_8-container input { visibility: hidden; } #wpforms-conversational-form-page #wpforms-4307-field_8-container label { counter-increment: none; }' ) );\n\t\t\t\t\tdocument.head.appendChild( style );\n\t\t\t\t\tdocument.currentScript?.remove();\n\t\t\t\t} )();\n\t\t\t<\/script><\/div><!-- .wpforms-field-container --><div class=\"wpforms-recaptcha-container wpforms-is-recaptcha wpforms-is-recaptcha-type-v3\" ><input type=\"hidden\" name=\"wpforms[recaptcha]\" value=\"\"><\/div><div class=\"wpforms-submit-container\" ><input type=\"hidden\" name=\"wpforms[id]\" value=\"4307\"><input type=\"hidden\" name=\"page_title\" value=\"\"><input type=\"hidden\" name=\"page_url\" value=\"https:\/\/prosecure.com.tr\/de\/wp-json\/wp\/v2\/pages\/5110\"><input type=\"hidden\" name=\"url_referer\" value=\"\"><button type=\"submit\" name=\"wpforms[submit]\" id=\"wpforms-submit-4307\" class=\"wpforms-submit\" data-alt-text=\"G\u00f6nderiliyor...\" data-submit-text=\"G\u00f6nder\" aria-live=\"assertive\" value=\"wpforms-submit\">G\u00f6nder<\/button><img decoding=\"async\" src=\"https:\/\/prosecure.com.tr\/wp-content\/plugins\/wpforms\/assets\/images\/submit-spin.svg\" class=\"wpforms-submit-spinner\" style=\"display: none;\" width=\"26\" height=\"26\" alt=\"Wird geladen\"><\/div><\/form><\/div>  <!-- .wpforms-container -->\t\t\t\t<\/div>\n\t\t\t\t<\/div>\n\t\t\t\t<\/div>\n\t\t\t\t\t<\/div>\n\t\t\t\t<\/div>\n\t\t<div class=\"elementor-element elementor-element-8a61b5b e-flex e-con-boxed e-con e-parent\" data-id=\"8a61b5b\" data-element_type=\"container\" data-e-type=\"container\">\n\t\t\t\t\t<div class=\"e-con-inner\">\n\t\t<div class=\"elementor-element elementor-element-bad01fa e-con-full e-flex e-con e-child\" data-id=\"bad01fa\" data-element_type=\"container\" data-e-type=\"container\" data-settings=\"{&quot;background_background&quot;:&quot;classic&quot;}\">\n\t\t\t\t<div class=\"elementor-element elementor-element-5474109 elementor-view-default elementor-widget elementor-widget-icon\" data-id=\"5474109\" data-element_type=\"widget\" data-e-type=\"widget\" data-widget_type=\"icon.default\">\n\t\t\t\t\t\t\t<div class=\"elementor-icon-wrapper\">\n\t\t\t<div class=\"elementor-icon\">\n\t\t\t<svg xmlns=\"http:\/\/www.w3.org\/2000\/svg\" id=\"Layer_3\" height=\"512\" viewBox=\"0 0 32 32\" width=\"512\" data-name=\"Layer 3\"><path d=\"m30.035 22.594c-.053-.044-6.049-4.31-7.668-4.049-.781.138-1.227.671-2.122 1.737-.144.172-.491.583-.759.876a12.458 12.458 0 0 1 -1.651-.672 13.7 13.7 0 0 1 -6.321-6.321 12.458 12.458 0 0 1 -.672-1.651c.294-.269.706-.616.882-.764 1.061-.89 1.593-1.337 1.731-2.119.283-1.619-4.005-7.613-4.049-7.667a2.289 2.289 0 0 0 -1.706-.964c-1.738 0-6.7 6.436-6.7 7.521 0 .063.091 6.467 7.988 14.5 8.024 7.888 14.428 7.979 14.491 7.979 1.084 0 7.521-4.962 7.521-6.7a2.291 2.291 0 0 0 -.965-1.706zm-6.667 6.4c-.868-.074-6.248-.783-12.968-7.384-6.633-6.753-7.324-12.142-7.393-12.977a27.054 27.054 0 0 1 4.706-5.561c.04.04.093.1.161.178a35.391 35.391 0 0 1 3.574 6.063 11.886 11.886 0 0 1 -1.016.911 10.033 10.033 0 0 0 -1.512 1.422 1 1 0 0 0 -.171.751 11.418 11.418 0 0 0 .965 2.641 15.71 15.71 0 0 0 7.248 7.247 11.389 11.389 0 0 0 2.641.966.991.991 0 0 0 .751-.171 10.075 10.075 0 0 0 1.427-1.518c.314-.374.733-.873.892-1.014a35.146 35.146 0 0 1 6.076 3.578c.083.07.142.124.181.159a27.036 27.036 0 0 1 -5.562 4.707z\"><\/path><path d=\"m23 15h2a8.009 8.009 0 0 0 -8-8v2a6.006 6.006 0 0 1 6 6z\"><\/path><path d=\"m28 15h2a13.015 13.015 0 0 0 -13-13v2a11.013 11.013 0 0 1 11 11z\"><\/path><\/svg>\t\t\t<\/div>\n\t\t<\/div>\n\t\t\t\t\t\t<\/div>\n\t\t\t\t<div class=\"elementor-element elementor-element-aec123e elementor-widget elementor-widget-heading\" data-id=\"aec123e\" data-element_type=\"widget\" data-e-type=\"widget\" data-widget_type=\"heading.default\">\n\t\t\t\t\t<h2 class=\"elementor-heading-title elementor-size-default\">Telefon<\/h2>\t\t\t\t<\/div>\n\t\t\t\t<div class=\"elementor-element elementor-element-4415542 elementor-widget-mobile__width-inherit elementor-widget elementor-widget-text-editor\" data-id=\"4415542\" data-element_type=\"widget\" data-e-type=\"widget\" data-widget_type=\"text-editor.default\">\n\t\t\t\t\t\t\t\t\t<p>+90 212 373 9690<\/p>\t\t\t\t\t\t\t\t<\/div>\n\t\t\t\t<\/div>\n\t\t<div class=\"elementor-element elementor-element-32b52b8 e-con-full e-flex e-con e-child\" data-id=\"32b52b8\" data-element_type=\"container\" data-e-type=\"container\" data-settings=\"{&quot;background_background&quot;:&quot;classic&quot;}\">\n\t\t\t\t<div class=\"elementor-element elementor-element-ad4e277 elementor-view-default elementor-widget elementor-widget-icon\" data-id=\"ad4e277\" data-element_type=\"widget\" data-e-type=\"widget\" data-widget_type=\"icon.default\">\n\t\t\t\t\t\t\t<div class=\"elementor-icon-wrapper\">\n\t\t\t<div class=\"elementor-icon\">\n\t\t\t<svg xmlns=\"http:\/\/www.w3.org\/2000\/svg\" xmlns:xlink=\"http:\/\/www.w3.org\/1999\/xlink\" id=\"Capa_1\" x=\"0px\" y=\"0px\" viewBox=\"0 0 512 512\" style=\"enable-background:new 0 0 512 512;\" xml:space=\"preserve\"><g>\t<g>\t\t<path d=\"M341.476,338.285c54.483-85.493,47.634-74.827,49.204-77.056C410.516,233.251,421,200.322,421,166    C421,74.98,347.139,0,256,0C165.158,0,91,74.832,91,166c0,34.3,10.704,68.091,31.19,96.446l48.332,75.84    C118.847,346.227,31,369.892,31,422c0,18.995,12.398,46.065,71.462,67.159C143.704,503.888,198.231,512,256,512    c108.025,0,225-30.472,225-90C481,369.883,393.256,346.243,341.476,338.285z M147.249,245.945    c-0.165-0.258-0.337-0.51-0.517-0.758C129.685,221.735,121,193.941,121,166c0-75.018,60.406-136,135-136    c74.439,0,135,61.009,135,136c0,27.986-8.521,54.837-24.646,77.671c-1.445,1.906,6.094-9.806-110.354,172.918L147.249,245.945z     M256,482c-117.994,0-195-34.683-195-60c0-17.016,39.568-44.995,127.248-55.901l55.102,86.463    c2.754,4.322,7.524,6.938,12.649,6.938s9.896-2.617,12.649-6.938l55.101-86.463C411.431,377.005,451,404.984,451,422    C451,447.102,374.687,482,256,482z\"><\/path>\t<\/g><\/g><g>\t<g>\t\t<path d=\"M256,91c-41.355,0-75,33.645-75,75s33.645,75,75,75c41.355,0,75-33.645,75-75S297.355,91,256,91z M256,211    c-24.813,0-45-20.187-45-45s20.187-45,45-45s45,20.187,45,45S280.813,211,256,211z\"><\/path>\t<\/g><\/g><g><\/g><g><\/g><g><\/g><g><\/g><g><\/g><g><\/g><g><\/g><g><\/g><g><\/g><g><\/g><g><\/g><g><\/g><g><\/g><g><\/g><g><\/g><\/svg>\t\t\t<\/div>\n\t\t<\/div>\n\t\t\t\t\t\t<\/div>\n\t\t\t\t<div class=\"elementor-element elementor-element-392ef34 elementor-widget elementor-widget-heading\" data-id=\"392ef34\" data-element_type=\"widget\" data-e-type=\"widget\" data-widget_type=\"heading.default\">\n\t\t\t\t\t<h2 class=\"elementor-heading-title elementor-size-default\">Adresse<\/h2>\t\t\t\t<\/div>\n\t\t\t\t<div class=\"elementor-element elementor-element-137da1c elementor-widget-mobile__width-inherit elementor-widget elementor-widget-text-editor\" data-id=\"137da1c\" data-element_type=\"widget\" data-e-type=\"widget\" data-widget_type=\"text-editor.default\">\n\t\t\t\t\t\t\t\t\tHarbiye Viertel Abdi \u0130pek\u00e7i Cd.<br>Bostan Sk. Orjin Apt. Nr.: 15\/5<br>34367, Sisli, Istanbul  <br>\n\t\t\t\t\t\t\t\t<\/div>\n\t\t\t\t<\/div>\n\t\t<div class=\"elementor-element elementor-element-e0b8bc8 e-con-full e-flex e-con e-child\" data-id=\"e0b8bc8\" data-element_type=\"container\" data-e-type=\"container\" data-settings=\"{&quot;background_background&quot;:&quot;classic&quot;}\">\n\t\t\t\t<div class=\"elementor-element elementor-element-1648add elementor-view-default elementor-widget elementor-widget-icon\" data-id=\"1648add\" data-element_type=\"widget\" data-e-type=\"widget\" data-widget_type=\"icon.default\">\n\t\t\t\t\t\t\t<div class=\"elementor-icon-wrapper\">\n\t\t\t<div class=\"elementor-icon\">\n\t\t\t<svg xmlns=\"http:\/\/www.w3.org\/2000\/svg\" xmlns:xlink=\"http:\/\/www.w3.org\/1999\/xlink\" id=\"Capa_1\" x=\"0px\" y=\"0px\" viewBox=\"0 0 512 512\" style=\"enable-background:new 0 0 512 512;\" xml:space=\"preserve\"><g>\t<g>\t\t<path d=\"M467,76H45C20.137,76,0,96.262,0,121v270c0,24.885,20.285,45,45,45h422c24.655,0,45-20.03,45-45V121    C512,96.306,491.943,76,467,76z M460.698,106c-9.194,9.145-167.415,166.533-172.878,171.967c-8.5,8.5-19.8,13.18-31.82,13.18    s-23.32-4.681-31.848-13.208C220.478,274.284,64.003,118.634,51.302,106H460.698z M30,384.894V127.125L159.638,256.08L30,384.894z     M51.321,406l129.587-128.763l22.059,21.943c14.166,14.166,33,21.967,53.033,21.967c20.033,0,38.867-7.801,53.005-21.939    l22.087-21.971L460.679,406H51.321z M482,384.894L352.362,256.08L482,127.125V384.894z\"><\/path>\t<\/g><\/g><g><\/g><g><\/g><g><\/g><g><\/g><g><\/g><g><\/g><g><\/g><g><\/g><g><\/g><g><\/g><g><\/g><g><\/g><g><\/g><g><\/g><g><\/g><\/svg>\t\t\t<\/div>\n\t\t<\/div>\n\t\t\t\t\t\t<\/div>\n\t\t\t\t<div class=\"elementor-element elementor-element-1a55b3d elementor-widget elementor-widget-heading\" data-id=\"1a55b3d\" data-element_type=\"widget\" data-e-type=\"widget\" data-widget_type=\"heading.default\">\n\t\t\t\t\t<h2 class=\"elementor-heading-title elementor-size-default\">E-Mail<\/h2>\t\t\t\t<\/div>\n\t\t\t\t<div class=\"elementor-element elementor-element-d0a1e9b elementor-widget-mobile__width-inherit elementor-widget elementor-widget-text-editor\" data-id=\"d0a1e9b\" data-element_type=\"widget\" data-e-type=\"widget\" data-widget_type=\"text-editor.default\">\n\t\t\t\t\t\t\t\t\t<p>info@prosecure.com.tr<\/p>\t\t\t\t\t\t\t\t<\/div>\n\t\t\t\t<\/div>\n\t\t\t\t\t<\/div>\n\t\t\t\t<\/div>\n\t\t<div class=\"elementor-element elementor-element-d95bef8 e-flex e-con-boxed e-con e-parent\" data-id=\"d95bef8\" data-element_type=\"container\" data-e-type=\"container\">\n\t\t\t\t\t<div class=\"e-con-inner\">\n\t\t\t\t<div class=\"elementor-element elementor-element-7997001 elementor-widget__width-inherit elementor-widget elementor-widget-html\" data-id=\"7997001\" data-element_type=\"widget\" data-e-type=\"widget\" data-widget_type=\"html.default\">\n\t\t\t\t\t<iframe src=\"https:\/\/www.google.com\/maps\/embed?pb=!1m14!1m8!1m3!1d608.2971210118692!2d28.991825733055528!3d41.04965832056827!3m2!1i1024!2i768!4f13.1!3m3!1m2!1s0x14cab70c152430ed%3A0x9d532c754ca50da6!2sprosecure!5e0!3m2!1str!2str!4v1766404027395!5m2!1str!2str\" style=\"width:100%; height:400px; border:0; display:block; border-radius:24px;\" loading=\"lazy\" referrerpolicy=\"no-referrer-when-downgrade\" allowfullscreen=\"\">\n<\/iframe>\n\t\t\t\t<\/div>\n\t\t\t\t\t<\/div>\n\t\t\t\t<\/div>\n\t\t\t\t<\/div>\n\t\t","protected":false},"excerpt":{"rendered":"<p>F\u00fcr Ihre Fragen, kontaktieren Sie uns Bitte f\u00fcllen Sie das Formular mit Ihrer Anfrage aus. Unser Team wird sich so schnell wie m\u00f6glich mit Ihnen in Verbindung setzen. Bu formu doldurmak i\u00e7in l\u00fctfen taray\u0131c\u0131n\u0131zda JavaScript&#039;i etkinle\u015ftirin.Bu formu doldurmak i\u00e7in l\u00fctfen taray\u0131c\u0131n\u0131zda JavaScript&#039;i etkinle\u015ftirin. Numaran\u0131z Bize (kopya) Ad\u0131n\u0131z *Soyad\u0131n\u0131z *Telefon Numaran\u0131z *E-Posta Adresiniz *Bize \u0130letmek \u0130stedikleriniz [&hellip;]<\/p>\n","protected":false},"author":1,"featured_media":0,"parent":0,"menu_order":0,"comment_status":"closed","ping_status":"closed","template":"","meta":{"footnotes":""},"class_list":["post-5110","page","type-page","status-publish","hentry"],"_links":{"self":[{"href":"https:\/\/prosecure.com.tr\/de\/wp-json\/wp\/v2\/pages\/5110","targetHints":{"allow":["GET"]}}],"collection":[{"href":"https:\/\/prosecure.com.tr\/de\/wp-json\/wp\/v2\/pages"}],"about":[{"href":"https:\/\/prosecure.com.tr\/de\/wp-json\/wp\/v2\/types\/page"}],"author":[{"embeddable":true,"href":"https:\/\/prosecure.com.tr\/de\/wp-json\/wp\/v2\/users\/1"}],"replies":[{"embeddable":true,"href":"https:\/\/prosecure.com.tr\/de\/wp-json\/wp\/v2\/comments?post=5110"}],"version-history":[{"count":19,"href":"https:\/\/prosecure.com.tr\/de\/wp-json\/wp\/v2\/pages\/5110\/revisions"}],"predecessor-version":[{"id":6721,"href":"https:\/\/prosecure.com.tr\/de\/wp-json\/wp\/v2\/pages\/5110\/revisions\/6721"}],"wp:attachment":[{"href":"https:\/\/prosecure.com.tr\/de\/wp-json\/wp\/v2\/media?parent=5110"}],"curies":[{"name":"wp","href":"https:\/\/api.w.org\/{rel}","templated":true}]}}