{"id":5185,"date":"2025-12-02T19:22:40","date_gmt":"2025-12-02T19:22:40","guid":{"rendered":"https:\/\/prosecure.com.tr\/datenschutzbestimmungen\/"},"modified":"2026-02-13T09:03:21","modified_gmt":"2026-02-13T09:03:21","slug":"datenschutzbestimmungen","status":"publish","type":"page","link":"https:\/\/prosecure.com.tr\/de\/datenschutzbestimmungen\/","title":{"rendered":"Datenschutzbestimmungen"},"content":{"rendered":"\t\t<div data-elementor-type=\"wp-page\" data-elementor-id=\"5185\" class=\"elementor elementor-5185 elementor-683\" data-elementor-post-type=\"page\">\n\t\t\t\t<div class=\"elementor-element elementor-element-36fed08 e-con-full hero-pre e-flex e-con e-parent\" data-id=\"36fed08\" data-element_type=\"container\" data-e-type=\"container\" data-settings=\"{&quot;background_background&quot;:&quot;classic&quot;}\">\n\t\t<div class=\"elementor-element elementor-element-d71c440 e-flex e-con-boxed e-con e-child\" data-id=\"d71c440\" data-element_type=\"container\" data-e-type=\"container\">\n\t\t\t\t\t<div class=\"e-con-inner\">\n\t\t\t\t\t<\/div>\n\t\t\t\t<\/div>\n\t\t\t\t<\/div>\n\t\t<div class=\"elementor-element elementor-element-40c2c42 e-flex e-con-boxed e-con e-parent\" data-id=\"40c2c42\" data-element_type=\"container\" data-e-type=\"container\" data-settings=\"{&quot;background_background&quot;:&quot;classic&quot;}\">\n\t\t\t\t\t<div class=\"e-con-inner\">\n\t\t\t\t<div class=\"elementor-element elementor-element-c80413d elementor-widget-mobile__width-inherit elementor-widget elementor-widget-text-editor\" data-id=\"c80413d\" data-element_type=\"widget\" data-e-type=\"widget\" data-widget_type=\"text-editor.default\">\n\t\t\t\t\t\t\t\t\t<p>Diese Datenschutzrichtlinie erl\u00e4utert die Grunds\u00e4tze der Erhebung, der Speicherung, des Schutzes und der Weitergabe personenbezogener Daten, die bei allen von Prosecure Dan\u0131\u015fmanl\u0131k A.\u015e. erbrachten Beratungsleistungen verarbeitet werden.&nbsp;<\/p><p>Bei Prosecure sind Datenschutz und Datensicherheit die grundlegenden Prinzipien aller unserer Aktivit\u00e4ten.<\/p>\n<p style=\"font-size: 18px;\"><span style=\"text-align: var(--text-align); font-family: var(--uicore-typography--p-f,'Inter'); font-style: var(--uicore-typography--p-st,'normal'); letter-spacing: var(--uicore-typography--p-ls,'-0.027em'); text-transform: var(--uicore-typography--p-t,'none');\">Die Datenschutzrichtlinie kann im Einklang mit der Gesetzgebung oder betrieblichen Erfordernissen aktualisiert werden. Aktualisierungen treten in Kraft, sobald sie auf unserer Website ver\u00f6ffentlicht werden. <\/span><\/p>\n<p style=\"font-size: 18px;\"><strong>Sie k\u00f6nnen die entsprechenden Richtlinien unten durch Anklicken aufrufen.&nbsp;<\/strong><\/p>\n<ul>\n<li><a href=\"https:\/\/prosecure.com.tr\/wp-content\/uploads\/2026\/01\/Aydinlatma-Metni.pdf\"><strong>Erl\u00e4uterungstext<\/strong><\/a><\/li>\n<li><a href=\"https:\/\/prosecure.com.tr\/wp-content\/uploads\/2026\/01\/KISISEL-VERILERIN-KORUNMASI-VE-ISLENMESI-POLITIKASI.pdf\"><strong>KVKK Text<\/strong><\/a><\/li>\n<li><a href=\"https:\/\/prosecure.com.tr\/wp-content\/uploads\/2026\/01\/prosecure-veri-sahibi-basvuru-formu.pdf\"><strong>Antragsformular f\u00fcr Betroffene<\/strong><\/a><\/li>\n<li><a href=\"https:\/\/prosecure.com.tr\/wp-content\/uploads\/2026\/01\/Veri-ve-Cerez-Politikasi.pdf\"><strong>Daten- und Cookie-Richtlinie<\/strong><\/a><\/li>\n<\/ul>\t\t\t\t\t\t\t\t<\/div>\n\t\t\t\t\t<\/div>\n\t\t\t\t<\/div>\n\t\t\t\t<\/div>\n\t\t","protected":false},"excerpt":{"rendered":"<p>Diese Datenschutzrichtlinie erl\u00e4utert die Grunds\u00e4tze der Erhebung, der Speicherung, des Schutzes und der Weitergabe personenbezogener Daten, die bei allen von Prosecure Dan\u0131\u015fmanl\u0131k A.\u015e. erbrachten Beratungsleistungen verarbeitet werden.&nbsp; Bei Prosecure sind Datenschutz und Datensicherheit die grundlegenden Prinzipien aller unserer Aktivit\u00e4ten. Die Datenschutzrichtlinie kann im Einklang mit der Gesetzgebung oder betrieblichen Erfordernissen aktualisiert werden. Aktualisierungen treten in [&hellip;]<\/p>\n","protected":false},"author":1,"featured_media":0,"parent":0,"menu_order":0,"comment_status":"closed","ping_status":"closed","template":"","meta":{"footnotes":""},"class_list":["post-5185","page","type-page","status-publish","hentry"],"_links":{"self":[{"href":"https:\/\/prosecure.com.tr\/de\/wp-json\/wp\/v2\/pages\/5185","targetHints":{"allow":["GET"]}}],"collection":[{"href":"https:\/\/prosecure.com.tr\/de\/wp-json\/wp\/v2\/pages"}],"about":[{"href":"https:\/\/prosecure.com.tr\/de\/wp-json\/wp\/v2\/types\/page"}],"author":[{"embeddable":true,"href":"https:\/\/prosecure.com.tr\/de\/wp-json\/wp\/v2\/users\/1"}],"replies":[{"embeddable":true,"href":"https:\/\/prosecure.com.tr\/de\/wp-json\/wp\/v2\/comments?post=5185"}],"version-history":[{"count":4,"href":"https:\/\/prosecure.com.tr\/de\/wp-json\/wp\/v2\/pages\/5185\/revisions"}],"predecessor-version":[{"id":5371,"href":"https:\/\/prosecure.com.tr\/de\/wp-json\/wp\/v2\/pages\/5185\/revisions\/5371"}],"wp:attachment":[{"href":"https:\/\/prosecure.com.tr\/de\/wp-json\/wp\/v2\/media?parent=5185"}],"curies":[{"name":"wp","href":"https:\/\/api.w.org\/{rel}","templated":true}]}}