{"id":5315,"date":"2026-01-16T15:31:37","date_gmt":"2026-01-16T15:31:37","guid":{"rendered":"https:\/\/prosecure.com.tr\/vermoegensermittlung\/"},"modified":"2026-04-03T10:33:51","modified_gmt":"2026-04-03T10:33:51","slug":"vermoegensermittlung","status":"publish","type":"page","link":"https:\/\/prosecure.com.tr\/de\/vermoegensermittlung\/","title":{"rendered":"Verm\u00f6gensermittlung und Wiederbeschaffung"},"content":{"rendered":"\t\t<div data-elementor-type=\"wp-page\" data-elementor-id=\"5315\" class=\"elementor elementor-5315 elementor-3560\" data-elementor-post-type=\"page\">\n\t\t\t\t<div class=\"elementor-element elementor-element-dcc93fe e-flex e-con-boxed e-con e-parent\" data-id=\"dcc93fe\" data-element_type=\"container\" data-e-type=\"container\">\n\t\t\t\t\t<div class=\"e-con-inner\">\n\t\t\t\t<div class=\"elementor-element elementor-element-8bf65ce elementor-widget__width-initial elementor-widget elementor-widget-image\" data-id=\"8bf65ce\" data-element_type=\"widget\" data-e-type=\"widget\" data-widget_type=\"image.default\">\n\t\t\t\t\t\t\t\t\t\t\t\t\t\t\t<img fetchpriority=\"high\" decoding=\"async\" width=\"1000\" height=\"1000\" src=\"https:\/\/prosecure.com.tr\/wp-content\/uploads\/2025\/12\/36532.webp\" class=\"attachment-full size-full wp-image-5160\" alt=\"\" srcset=\"https:\/\/prosecure.com.tr\/wp-content\/uploads\/2025\/12\/36532.webp 1000w, https:\/\/prosecure.com.tr\/wp-content\/uploads\/2025\/12\/36532-300x300.webp 300w, https:\/\/prosecure.com.tr\/wp-content\/uploads\/2025\/12\/36532-150x150.webp 150w, https:\/\/prosecure.com.tr\/wp-content\/uploads\/2025\/12\/36532-768x768.webp 768w, https:\/\/prosecure.com.tr\/wp-content\/uploads\/2025\/12\/36532-650x650.webp 650w\" sizes=\"(max-width: 1000px) 100vw, 1000px\" loading=\"eager\" \/>\t\t\t\t\t\t\t\t\t\t\t\t\t\t\t<\/div>\n\t\t\t\t\t<\/div>\n\t\t\t\t<\/div>\n\t\t<div class=\"elementor-element elementor-element-3f1e978 e-flex e-con-boxed e-con e-parent\" data-id=\"3f1e978\" data-element_type=\"container\" data-e-type=\"container\">\n\t\t\t\t\t<div class=\"e-con-inner\">\n\t\t\t\t<div class=\"elementor-element elementor-element-8a9a2f7 elementor-widget elementor-widget-heading\" data-id=\"8a9a2f7\" data-element_type=\"widget\" data-e-type=\"widget\" data-widget_type=\"heading.default\">\n\t\t\t\t\t<h2 class=\"elementor-heading-title elementor-size-default\">Verm\u00f6gensermittlung und Verm\u00f6gensr\u00fcckf\u00fchrung<\/h2>\t\t\t\t<\/div>\n\t\t\t\t\t<\/div>\n\t\t\t\t<\/div>\n\t\t<div class=\"elementor-element elementor-element-598be1c e-flex e-con-boxed e-con e-parent\" data-id=\"598be1c\" data-element_type=\"container\" data-e-type=\"container\">\n\t\t\t\t\t<div class=\"e-con-inner\">\n\t\t\t\t\t<\/div>\n\t\t\t\t<\/div>\n\t\t<div class=\"elementor-element elementor-element-9d062cd e-flex e-con-boxed e-con e-parent\" data-id=\"9d062cd\" data-element_type=\"container\" data-e-type=\"container\">\n\t\t\t\t\t<div class=\"e-con-inner\">\n\t\t\t\t<div class=\"elementor-element elementor-element-3aede91 elementor-widget elementor-widget-text-editor\" data-id=\"3aede91\" data-element_type=\"widget\" data-e-type=\"widget\" data-widget_type=\"text-editor.default\">\n\t\t\t\t\t\t\t\t\t<p class=\"p1\"><strong>Finanzielle Streitigkeiten, Betrug, Geldw\u00e4sche und der Versuch des Schmuggels von Verm\u00f6genswerten werden<\/strong> oft durch komplexe Unternehmensstrukturen, stellvertretende Eigentumsverh\u00e4ltnisse und Transaktionen, die sich \u00fcber verschiedene Gerichtsbarkeiten erstrecken, verschleiert. Dies macht die Aufdeckung der wahren Eigentumsverh\u00e4ltnisse und der finanziellen Bewegungen von Verm\u00f6genswerten zu einem speziellen Ermittlungsverfahren. <\/p><p> <\/p><p class=\"p1\">Im Rahmen unserer Verm\u00f6gensermittlungs- und Verm\u00f6gensr\u00fcckf\u00fchrungsaktivit\u00e4ten f\u00fchren wir umfassende Untersuchungen durch, um Verm\u00f6genswerte zu identifizieren, die durch Betrug, Fehlverhalten, Geldw\u00e4sche oder andere rechtswidrige Handlungen erlangt, verborgen oder auf verschiedene Personen oder Institutionen \u00fcbertragen wurden. Durch die Analyse von Finanzunterlagen, die Pr\u00fcfung von Unternehmensstrukturen sowie Recherchen in verschiedenen Datenquellen f\u00fchren wir systematische Untersuchungen durch, um die tats\u00e4chliche Verm\u00f6gensstruktur der betreffenden Personen oder Institutionen offenzulegen. <\/p><p> <\/p><p class=\"p1\">Diese Studien helfen unseren Kunden, die Verm\u00f6genslage der Gegenpartei einzusch\u00e4tzen, ihre juristischen Strategien zu gestalten und, falls erforderlich, Verm\u00f6gensr\u00fcckforderungen auf einer soliden Informationsbasis durchzuf\u00fchren.<\/p><h3> <\/h3><h3><b>Umfang der Dienstleistung<\/b><\/h3><p class=\"p1\">Unsere Arbeit im Bereich der Verm\u00f6gensermittlung richtet sich nach der Art des jeweiligen Rechtsstreits, umfasst aber haupts\u00e4chlich die folgenden Bereiche:<\/p><ul><li><p class=\"p1\">Bestimmung der Eigentumsstrukturen von Unternehmen und der letztendlich Beg\u00fcnstigten<\/p><\/li><li><p class=\"p1\">Analyse der nationalen und internationalen Unternehmensdaten<\/p><\/li><li><p class=\"p1\">Analyse von Finanzanlagen und Gesch\u00e4ftsaktivit\u00e4ten<\/p><\/li><li><p class=\"p1\">Untersuchung von Immobilien und anderen Sachwerten<\/p><\/li><li><p class=\"p1\">Abbildung von vielschichtigen Unternehmensstrukturen und verbundenen Parteien<\/p><\/li><li><p class=\"p1\">Untersuchung von verd\u00e4chtigen Geldtransfers und Transaktionsketten<\/p><\/li><li><p class=\"p1\">Identifizierung von Verm\u00f6genswerten f\u00fcr Rechtsstreitigkeiten, Schiedsverfahren und Inkassoprozesse<\/p><\/li><\/ul><h3> <\/h3><h3><b>Unterst\u00fctzung f\u00fcr juristische Prozesse<\/b><\/h3><p class=\"p1\">Verm\u00f6gensermittlung und Verm\u00f6gensr\u00fcckf\u00fchrung werden oft als Teil einer umfassenderen juristischen Strategie durchgef\u00fchrt. Die gewonnenen Erkenntnisse tragen zur Schaffung einer Informations- und Beweismittelinfrastruktur bei, die in Rechtsstreitigkeiten, Schiedsverfahren und Vollstreckungsverfahren von Anwaltskanzleien und juristischen Teams von Unternehmen genutzt werden kann. <\/p><p class=\"p1\">Durch die Analyse der Bewegungen von Verm\u00f6genswerten in verschiedenen Rechtsordnungen ist unser Team bestrebt, unseren Kunden verl\u00e4ssliche und nachpr\u00fcfbare Informationen f\u00fcr ihre rechtlichen und wirtschaftlichen Entscheidungsprozesse zu liefern.<\/p><h3> <\/h3><h3><b>Unser Ansatz<\/b><\/h3><p class=\"p1\">Unsere Verm\u00f6gensforschung basiert auf einem multidisziplin\u00e4ren Ansatz, der Finanzanalyse und Datenanalyse kombiniert. Unter Verwendung \u00f6ffentlicher Aufzeichnungen, kommerzieller Datenbanken und Finanzanalysen zielt unsere Forschung darauf ab, komplexe Verm\u00f6gensstrukturen sichtbar zu machen. <\/p><p class=\"p4\"><span class=\"s2\">Unser Ziel ist es nicht nur, unseren Kunden Informationen zu liefern, sondern auch <\/span><b>eine \u00fcberpr\u00fcfbare und verl\u00e4ssliche Informationsbasis mit strategischem Wert in juristischen Prozessen<\/b><span class=\"s2\"> soll sicherstellen<\/span><\/p>\t\t\t\t\t\t\t\t<\/div>\n\t\t\t\t\t<\/div>\n\t\t\t\t<\/div>\n\t\t<div class=\"elementor-element elementor-element-55f2dd1 elementor-hidden-desktop elementor-hidden-tablet elementor-hidden-mobile e-flex e-con-boxed e-con e-parent\" data-id=\"55f2dd1\" data-element_type=\"container\" data-e-type=\"container\">\n\t\t\t\t\t<div class=\"e-con-inner\">\n\t\t\t\t<div class=\"elementor-element elementor-element-ad99220 elementor-widget elementor-widget-text-editor\" data-id=\"ad99220\" data-element_type=\"widget\" data-e-type=\"widget\" data-widget_type=\"text-editor.default\">\n\t\t\t\t\t\t\t\t\t<p class=\"p1\">Im Rahmen unserer Asset Tracing-Aktivit\u00e4ten f\u00fchren wir umfassende Ermittlungen durch, um Finanz- und Immobilienverm\u00f6gen zu identifizieren, das durch Betrug, Fehlverhalten oder andere ungesetzliche Transaktionen erlangt, verheimlicht oder den Besitzer gewechselt hat.<\/p><p class=\"p1\">Wir tragen zum Schutz der Rechte und Interessen unserer Kunden und Gesch\u00e4ftspartner bei und bieten strategische Unterst\u00fctzung, um finanzielle Verluste zu begrenzen und sicherzustellen, dass die rechtlichen Verfahren auf gesunde Weise durchgef\u00fchrt werden.<\/p><hr><h3><b>Was ist Verm\u00f6gensermittlung und Verm\u00f6gensr\u00fcckf\u00fchrung<\/b><\/h3><p>Bei der Ermittlung und Wiedererlangung von Verm\u00f6genswerten geht es darum, die Verm\u00f6genswerte aufzusp\u00fcren, die der Schuldner oder die Gegenpartei zu verbergen versucht, den rechtlichen und tats\u00e4chlichen Status dieser Verm\u00f6genswerte zu analysieren und sie schlie\u00dflich mit rechtlichen Mitteln wiederzuerlangen.<\/p><p>Zu den Arten von Verm\u00f6genswerten, die von unseren Dienstleistungen abgedeckt werden, geh\u00f6ren:<\/p><ul><li>Bankkonten und Finanzinstrumente<\/li><li>Bewegliches und unbewegliches Eigentum<\/li><li>Aktien der Gesellschaft und Aktion\u00e4rsstruktur<\/li><li>Ausl\u00e4ndische Verm\u00f6genswerte und Briefkastenfirmen<\/li><li>Kryptoanlagen und digitale Finanzinstrumente<\/li><li>Rechte an geistigem und gewerblichem Eigentum<\/li><\/ul><p>Jeder Fall wird im Rahmen seiner eigenen Dynamik bewertet und anstelle von Standardl\u00f6sungen wird eine speziell entwickelte Roadmap erstellt.<\/p><hr><h3><b>Asset Research Service<\/b><\/h3><p>Die Verfolgung von Verm\u00f6genswerten ist die wichtigste Phase des Prozesses. Dank fortschrittlicher Recherchetechniken und der Analyse von Daten aus mehreren Quellen kann es Verm\u00f6genswerte aufsp\u00fcren, die auf den ersten Blick unsichtbar oder absichtlich versteckt sind. <\/p><p>Die wichtigsten Dienstleistungen, die wir in dieser Phase anbieten:<\/p><ul><li>Finanzielle Erfassung und Transaktionsanalysen<\/li><li>Analysen des Handelsregisters und der Unternehmensstruktur<\/li><li>Open Source Forschung<\/li><li>Digitale Verfolgung und Datenanalyse<\/li><li>Recherchen in internationalen Datenbanken<\/li><\/ul><p>Alle gewonnenen Erkenntnisse werden in einer Weise berichtet und belegt, die in Gerichtsverfahren verwendet werden kann.<\/p><hr><h3><b>Asset Recovery Service<\/b><\/h3><p>Es ist der Prozess der Wiedererlangung von Verm\u00f6genswerten, der den tats\u00e4chlichen Wert der identifizierten Verm\u00f6genswerte offenbart. In dieser Phase bietet unser Unternehmen operative und strategische Unterst\u00fctzung, indem es eng mit den Rechtsberatern seiner Kunden zusammenarbeitet. <\/p><p>Bereiche, die wir im Genesungsprozess unterst\u00fctzen:<\/p><ul><li>Planung von Unterlassungsklagen und Pf\u00e4ndungsstrategien<\/li><li>Unterst\u00fctzung von lokalen und internationalen Vollstreckungsverfahren<\/li><li>Anerkennung und Vollstreckung von ausl\u00e4ndischen Gerichtsentscheidungen<\/li><li>Verhandlungen \u00fcber Vergleiche und Umstrukturierungen<\/li><li>Identifizierung von Verm\u00f6genswerten in Konkurs- und Liquidationsverfahren<\/li><\/ul><p>Unser Ziel ist es, den Prozess in der k\u00fcrzest m\u00f6glichen Zeit und mit der h\u00f6chsten R\u00fccklaufquote abzuschlie\u00dfen.<\/p>\t\t\t\t\t\t\t\t<\/div>\n\t\t\t\t\t<\/div>\n\t\t\t\t<\/div>\n\t\t\t\t<\/div>\n\t\t","protected":false},"excerpt":{"rendered":"<p>Verm\u00f6gensermittlung und Verm\u00f6gensr\u00fcckf\u00fchrung Finanzielle Streitigkeiten, Betrug, Geldw\u00e4sche und der Versuch des Schmuggels von Verm\u00f6genswerten werden oft durch komplexe Unternehmensstrukturen, stellvertretende Eigentumsverh\u00e4ltnisse und Transaktionen, die sich \u00fcber verschiedene Gerichtsbarkeiten erstrecken, verschleiert. Dies macht die Aufdeckung der wahren Eigentumsverh\u00e4ltnisse und der finanziellen Bewegungen von Verm\u00f6genswerten zu einem speziellen Ermittlungsverfahren. Im Rahmen unserer Verm\u00f6gensermittlungs- und Verm\u00f6gensr\u00fcckf\u00fchrungsaktivit\u00e4ten f\u00fchren wir [&hellip;]<\/p>\n","protected":false},"author":1,"featured_media":0,"parent":0,"menu_order":0,"comment_status":"closed","ping_status":"closed","template":"","meta":{"footnotes":""},"class_list":["post-5315","page","type-page","status-publish","hentry"],"_links":{"self":[{"href":"https:\/\/prosecure.com.tr\/de\/wp-json\/wp\/v2\/pages\/5315","targetHints":{"allow":["GET"]}}],"collection":[{"href":"https:\/\/prosecure.com.tr\/de\/wp-json\/wp\/v2\/pages"}],"about":[{"href":"https:\/\/prosecure.com.tr\/de\/wp-json\/wp\/v2\/types\/page"}],"author":[{"embeddable":true,"href":"https:\/\/prosecure.com.tr\/de\/wp-json\/wp\/v2\/users\/1"}],"replies":[{"embeddable":true,"href":"https:\/\/prosecure.com.tr\/de\/wp-json\/wp\/v2\/comments?post=5315"}],"version-history":[{"count":11,"href":"https:\/\/prosecure.com.tr\/de\/wp-json\/wp\/v2\/pages\/5315\/revisions"}],"predecessor-version":[{"id":6480,"href":"https:\/\/prosecure.com.tr\/de\/wp-json\/wp\/v2\/pages\/5315\/revisions\/6480"}],"wp:attachment":[{"href":"https:\/\/prosecure.com.tr\/de\/wp-json\/wp\/v2\/media?parent=5315"}],"curies":[{"name":"wp","href":"https:\/\/api.w.org\/{rel}","templated":true}]}}