{"id":5323,"date":"2025-12-30T19:35:09","date_gmt":"2025-12-30T19:35:09","guid":{"rendered":"https:\/\/prosecure.com.tr\/unser-team\/"},"modified":"2026-02-13T09:06:46","modified_gmt":"2026-02-13T09:06:46","slug":"unser-team","status":"publish","type":"page","link":"https:\/\/prosecure.com.tr\/de\/unser-team\/","title":{"rendered":"Management"},"content":{"rendered":"\t\t<div data-elementor-type=\"wp-page\" data-elementor-id=\"5323\" class=\"elementor elementor-5323 elementor-2184\" data-elementor-post-type=\"page\">\n\t\t\t\t<div class=\"elementor-element elementor-element-36fed08 e-con-full hero-pre e-flex e-con e-parent\" data-id=\"36fed08\" data-element_type=\"container\" data-e-type=\"container\" data-settings=\"{&quot;background_background&quot;:&quot;classic&quot;}\">\n\t\t<div class=\"elementor-element elementor-element-d71c440 e-flex e-con-boxed e-con e-child\" data-id=\"d71c440\" data-element_type=\"container\" data-e-type=\"container\">\n\t\t\t\t\t<div class=\"e-con-inner\">\n\t\t\t\t<div class=\"elementor-element elementor-element-3654346 elementor-widget__width-initial elementor-widget-mobile__width-inherit elementor-widget elementor-widget-text-editor\" data-id=\"3654346\" data-element_type=\"widget\" data-e-type=\"widget\" data-widget_type=\"text-editor.default\">\n\t\t\t\t\t\t\t\t\t<p>  Treffen Sie unseren Vorstand und Beirat<\/p>\t\t\t\t\t\t\t\t<\/div>\n\t\t\t\t\t<\/div>\n\t\t\t\t<\/div>\n\t\t\t\t<\/div>\n\t\t<div class=\"elementor-element elementor-element-d95bef8 e-flex e-con-boxed e-con e-parent\" data-id=\"d95bef8\" data-element_type=\"container\" data-e-type=\"container\">\n\t\t\t\t\t<div class=\"e-con-inner\">\n\t\t<div class=\"elementor-element elementor-element-26e5de6 e-con-full e-flex e-con e-child\" data-id=\"26e5de6\" data-element_type=\"container\" data-e-type=\"container\" data-settings=\"{&quot;background_background&quot;:&quot;classic&quot;}\">\n\t\t<div class=\"elementor-element elementor-element-a687a13 e-con-full e-flex e-con e-child\" data-id=\"a687a13\" data-element_type=\"container\" data-e-type=\"container\">\n\t\t<div class=\"elementor-element elementor-element-f939894 e-con-full ekip-kart-banner e-flex e-con e-child\" data-id=\"f939894\" data-element_type=\"container\" data-e-type=\"container\">\n\t\t\t\t<div class=\"elementor-element elementor-element-1552306 elementor-widget elementor-widget-image\" data-id=\"1552306\" data-element_type=\"widget\" data-e-type=\"widget\" data-widget_type=\"image.default\">\n\t\t\t\t\t\t\t\t\t\t\t\t\t\t\t\t<a href=\"https:\/\/prosecure.com.tr\/de\/gruender\/\">\n\t\t\t\t\t\t\t<img fetchpriority=\"high\" decoding=\"async\" width=\"2048\" height=\"2048\" src=\"https:\/\/prosecure.com.tr\/wp-content\/uploads\/2026\/01\/Hasan-Alsancak-Bio-Prosecure-2048x2048.jpg\" class=\"attachment-2048x2048 size-2048x2048 wp-image-5329\" alt=\"\" srcset=\"https:\/\/prosecure.com.tr\/wp-content\/uploads\/2026\/01\/Hasan-Alsancak-Bio-Prosecure-2048x2048.jpg 2048w, https:\/\/prosecure.com.tr\/wp-content\/uploads\/2026\/01\/Hasan-Alsancak-Bio-Prosecure-300x300.jpg 300w, https:\/\/prosecure.com.tr\/wp-content\/uploads\/2026\/01\/Hasan-Alsancak-Bio-Prosecure-1024x1024.jpg 1024w, https:\/\/prosecure.com.tr\/wp-content\/uploads\/2026\/01\/Hasan-Alsancak-Bio-Prosecure-150x150.jpg 150w, https:\/\/prosecure.com.tr\/wp-content\/uploads\/2026\/01\/Hasan-Alsancak-Bio-Prosecure-768x768.jpg 768w, https:\/\/prosecure.com.tr\/wp-content\/uploads\/2026\/01\/Hasan-Alsancak-Bio-Prosecure-1536x1536.jpg 1536w, https:\/\/prosecure.com.tr\/wp-content\/uploads\/2026\/01\/Hasan-Alsancak-Bio-Prosecure-650x650.jpg 650w\" sizes=\"(max-width: 2048px) 100vw, 2048px\" loading=\"eager\" \/>\t\t\t\t\t\t\t\t<\/a>\n\t\t\t\t\t\t\t\t\t\t\t\t\t\t\t<\/div>\n\t\t\t\t<\/div>\n\t\t<div class=\"elementor-element elementor-element-c685444 e-con-full e-flex e-con e-child\" data-id=\"c685444\" data-element_type=\"container\" data-e-type=\"container\">\n\t\t\t\t<div class=\"elementor-element elementor-element-5f23953 elementor-widget elementor-widget-heading\" data-id=\"5f23953\" data-element_type=\"widget\" data-e-type=\"widget\" data-widget_type=\"heading.default\">\n\t\t\t\t\t<h2 class=\"elementor-heading-title elementor-size-default\">Hasan Alsancak<\/h2>\t\t\t\t<\/div>\n\t\t\t\t<div class=\"elementor-element elementor-element-f31f8b6 elementor-widget elementor-widget-heading\" data-id=\"f31f8b6\" data-element_type=\"widget\" data-e-type=\"widget\" data-widget_type=\"heading.default\">\n\t\t\t\t\t<p class=\"elementor-heading-title elementor-size-default\">Gr\u00fcnder<\/p>\t\t\t\t<\/div>\n\t\t<div class=\"elementor-element elementor-element-81dfcdb e-con-full e-flex e-con e-child\" data-id=\"81dfcdb\" data-element_type=\"container\" data-e-type=\"container\">\n\t\t\t\t<div class=\"elementor-element elementor-element-1cb63be elementor-view-default elementor-widget elementor-widget-icon\" data-id=\"1cb63be\" data-element_type=\"widget\" data-e-type=\"widget\" data-widget_type=\"icon.default\">\n\t\t\t\t\t\t\t<div class=\"elementor-icon-wrapper\">\n\t\t\t<a class=\"elementor-icon\" href=\"https:\/\/tr.linkedin.com\/in\/hasanalsancak\" target=\"_blank\" rel=\"noopener\">\n\t\t\t<svg aria-hidden=\"true\" class=\"e-font-icon-svg e-fab-linkedin\" viewBox=\"0 0 448 512\" xmlns=\"http:\/\/www.w3.org\/2000\/svg\"><path d=\"M416 32H31.9C14.3 32 0 46.5 0 64.3v383.4C0 465.5 14.3 480 31.9 480H416c17.6 0 32-14.5 32-32.3V64.3c0-17.8-14.4-32.3-32-32.3zM135.4 416H69V202.2h66.5V416zm-33.2-243c-21.3 0-38.5-17.3-38.5-38.5S80.9 96 102.2 96c21.2 0 38.5 17.3 38.5 38.5 0 21.3-17.2 38.5-38.5 38.5zm282.1 243h-66.4V312c0-24.8-.5-56.7-34.5-56.7-34.6 0-39.9 27-39.9 54.9V416h-66.4V202.2h63.7v29.2h.9c8.9-16.8 30.6-34.5 62.9-34.5 67.2 0 79.7 44.3 79.7 101.9V416z\"><\/path><\/svg>\t\t\t<\/a>\n\t\t<\/div>\n\t\t\t\t\t\t<\/div>\n\t\t\t\t<div class=\"elementor-element elementor-element-2acb90f elementor-view-default elementor-widget elementor-widget-icon\" data-id=\"2acb90f\" data-element_type=\"widget\" data-e-type=\"widget\" data-widget_type=\"icon.default\">\n\t\t\t\t\t\t\t<div class=\"elementor-icon-wrapper\">\n\t\t\t<a class=\"elementor-icon\" href=\"mailto:hasan@prosecure.com.tr\" target=\"_blank\">\n\t\t\t<svg aria-hidden=\"true\" class=\"e-font-icon-svg e-fas-envelope\" viewBox=\"0 0 512 512\" xmlns=\"http:\/\/www.w3.org\/2000\/svg\"><path d=\"M502.3 190.8c3.9-3.1 9.7-.2 9.7 4.7V400c0 26.5-21.5 48-48 48H48c-26.5 0-48-21.5-48-48V195.6c0-5 5.7-7.8 9.7-4.7 22.4 17.4 52.1 39.5 154.1 113.6 21.1 15.4 56.7 47.8 92.2 47.6 35.7.3 72-32.8 92.3-47.6 102-74.1 131.6-96.3 154-113.7zM256 320c23.2.4 56.6-29.2 73.4-41.4 132.7-96.3 142.8-104.7 173.4-128.7 5.8-4.5 9.2-11.5 9.2-18.9v-19c0-26.5-21.5-48-48-48H48C21.5 64 0 85.5 0 112v19c0 7.4 3.4 14.3 9.2 18.9 30.6 23.9 40.7 32.4 173.4 128.7 16.8 12.2 50.2 41.8 73.4 41.4z\"><\/path><\/svg>\t\t\t<\/a>\n\t\t<\/div>\n\t\t\t\t\t\t<\/div>\n\t\t\t\t<\/div>\n\t\t\t\t<\/div>\n\t\t\t\t<\/div>\n\t\t<div class=\"elementor-element elementor-element-aeda4ca e-con-full e-flex e-con e-child\" data-id=\"aeda4ca\" data-element_type=\"container\" data-e-type=\"container\">\n\t\t\t\t<div class=\"elementor-element elementor-element-6b937c1 elementor-widget elementor-widget-text-editor\" data-id=\"6b937c1\" data-element_type=\"widget\" data-e-type=\"widget\" data-widget_type=\"text-editor.default\">\n\t\t\t\t\t\t\t\t\t<p>Er verf\u00fcgt \u00fcber mehr als 20 Jahre Berufserfahrung in den Bereichen Finanzkriminalit\u00e4t, qualifizierter Betrug und Geldw\u00e4schebek\u00e4mpfung in der Abteilung f\u00fcr Nachrichtendienste und KOM der Generaldirektion f\u00fcr Sicherheit, als st\u00e4ndiger Mitarbeiter der Vereinten Nationen und in leitenden Positionen auf Konzernleiterebene bei den Energiegiganten BP, BTC und SOCAR. Er leitet die Verwirklichung der Unternehmensziele, indem er die strategische Ausrichtung des Unternehmens, die Entwicklung von Kooperations- und L\u00f6sungspartnerschaften und die langfristige Wertsch\u00f6pfung bestimmt. <\/p>\t\t\t\t\t\t\t\t<\/div>\n\t\t\t\t<\/div>\n\t\t\t\t<\/div>\n\t\t<div class=\"elementor-element elementor-element-f32ed79 e-con-full e-flex e-con e-child\" data-id=\"f32ed79\" data-element_type=\"container\" data-e-type=\"container\" data-settings=\"{&quot;background_background&quot;:&quot;classic&quot;}\">\n\t\t<div class=\"elementor-element elementor-element-22cb060 e-con-full e-flex e-con e-child\" data-id=\"22cb060\" data-element_type=\"container\" data-e-type=\"container\">\n\t\t<div class=\"elementor-element elementor-element-5a27cb1 e-con-full ekip-kart-banner e-flex e-con e-child\" data-id=\"5a27cb1\" data-element_type=\"container\" data-e-type=\"container\">\n\t\t\t\t<div class=\"elementor-element elementor-element-6dec502 elementor-widget elementor-widget-image\" data-id=\"6dec502\" data-element_type=\"widget\" data-e-type=\"widget\" data-widget_type=\"image.default\">\n\t\t\t\t\t\t\t\t\t\t\t\t\t\t\t<img decoding=\"async\" width=\"734\" height=\"724\" src=\"https:\/\/prosecure.com.tr\/wp-content\/uploads\/2025\/12\/Screenshot-2024-05-15-at-22.45.19.png.webp\" class=\"attachment-full size-full wp-image-5325\" alt=\"\" srcset=\"https:\/\/prosecure.com.tr\/wp-content\/uploads\/2025\/12\/Screenshot-2024-05-15-at-22.45.19.png.webp 734w, https:\/\/prosecure.com.tr\/wp-content\/uploads\/2025\/12\/Screenshot-2024-05-15-at-22.45.19.png-300x296.webp 300w, https:\/\/prosecure.com.tr\/wp-content\/uploads\/2025\/12\/Screenshot-2024-05-15-at-22.45.19.png-650x641.webp 650w\" sizes=\"(max-width: 734px) 100vw, 734px\" loading=\"eager\" \/>\t\t\t\t\t\t\t\t\t\t\t\t\t\t\t<\/div>\n\t\t\t\t<\/div>\n\t\t<div class=\"elementor-element elementor-element-b92fded e-con-full e-flex e-con e-child\" data-id=\"b92fded\" data-element_type=\"container\" data-e-type=\"container\">\n\t\t\t\t<div class=\"elementor-element elementor-element-6fd43dc elementor-widget elementor-widget-heading\" data-id=\"6fd43dc\" data-element_type=\"widget\" data-e-type=\"widget\" data-widget_type=\"heading.default\">\n\t\t\t\t\t<h2 class=\"elementor-heading-title elementor-size-default\">Dr. Erol Tebero\u011flu<\/h2>\t\t\t\t<\/div>\n\t\t\t\t<div class=\"elementor-element elementor-element-24138de elementor-widget elementor-widget-heading\" data-id=\"24138de\" data-element_type=\"widget\" data-e-type=\"widget\" data-widget_type=\"heading.default\">\n\t\t\t\t\t<p class=\"elementor-heading-title elementor-size-default\">Beiratsmitglied<\/p>\t\t\t\t<\/div>\n\t\t<div class=\"elementor-element elementor-element-8d23758 e-con-full e-flex e-con e-child\" data-id=\"8d23758\" data-element_type=\"container\" data-e-type=\"container\">\n\t\t\t\t<div class=\"elementor-element elementor-element-1020137 elementor-view-default elementor-widget elementor-widget-icon\" data-id=\"1020137\" data-element_type=\"widget\" data-e-type=\"widget\" data-widget_type=\"icon.default\">\n\t\t\t\t\t\t\t<div class=\"elementor-icon-wrapper\">\n\t\t\t<a class=\"elementor-icon\" href=\"https:\/\/www.linkedin.com\/in\/erol-teberoglu-1471aa7\/\" target=\"_blank\" rel=\"noopener\">\n\t\t\t<svg aria-hidden=\"true\" class=\"e-font-icon-svg e-fab-linkedin\" viewBox=\"0 0 448 512\" xmlns=\"http:\/\/www.w3.org\/2000\/svg\"><path d=\"M416 32H31.9C14.3 32 0 46.5 0 64.3v383.4C0 465.5 14.3 480 31.9 480H416c17.6 0 32-14.5 32-32.3V64.3c0-17.8-14.4-32.3-32-32.3zM135.4 416H69V202.2h66.5V416zm-33.2-243c-21.3 0-38.5-17.3-38.5-38.5S80.9 96 102.2 96c21.2 0 38.5 17.3 38.5 38.5 0 21.3-17.2 38.5-38.5 38.5zm282.1 243h-66.4V312c0-24.8-.5-56.7-34.5-56.7-34.6 0-39.9 27-39.9 54.9V416h-66.4V202.2h63.7v29.2h.9c8.9-16.8 30.6-34.5 62.9-34.5 67.2 0 79.7 44.3 79.7 101.9V416z\"><\/path><\/svg>\t\t\t<\/a>\n\t\t<\/div>\n\t\t\t\t\t\t<\/div>\n\t\t\t\t<div class=\"elementor-element elementor-element-2cf8eb6 elementor-view-default elementor-widget elementor-widget-icon\" data-id=\"2cf8eb6\" data-element_type=\"widget\" data-e-type=\"widget\" data-widget_type=\"icon.default\">\n\t\t\t\t\t\t\t<div class=\"elementor-icon-wrapper\">\n\t\t\t<a class=\"elementor-icon\" href=\"\" target=\"_blank\">\n\t\t\t<svg aria-hidden=\"true\" class=\"e-font-icon-svg e-fas-envelope\" viewBox=\"0 0 512 512\" xmlns=\"http:\/\/www.w3.org\/2000\/svg\"><path d=\"M502.3 190.8c3.9-3.1 9.7-.2 9.7 4.7V400c0 26.5-21.5 48-48 48H48c-26.5 0-48-21.5-48-48V195.6c0-5 5.7-7.8 9.7-4.7 22.4 17.4 52.1 39.5 154.1 113.6 21.1 15.4 56.7 47.8 92.2 47.6 35.7.3 72-32.8 92.3-47.6 102-74.1 131.6-96.3 154-113.7zM256 320c23.2.4 56.6-29.2 73.4-41.4 132.7-96.3 142.8-104.7 173.4-128.7 5.8-4.5 9.2-11.5 9.2-18.9v-19c0-26.5-21.5-48-48-48H48C21.5 64 0 85.5 0 112v19c0 7.4 3.4 14.3 9.2 18.9 30.6 23.9 40.7 32.4 173.4 128.7 16.8 12.2 50.2 41.8 73.4 41.4z\"><\/path><\/svg>\t\t\t<\/a>\n\t\t<\/div>\n\t\t\t\t\t\t<\/div>\n\t\t\t\t<\/div>\n\t\t\t\t<\/div>\n\t\t\t\t<\/div>\n\t\t<div class=\"elementor-element elementor-element-d1889df e-con-full e-flex e-con e-child\" data-id=\"d1889df\" data-element_type=\"container\" data-e-type=\"container\">\n\t\t\t\t<div class=\"elementor-element elementor-element-802e90d elementor-widget elementor-widget-text-editor\" data-id=\"802e90d\" data-element_type=\"widget\" data-e-type=\"widget\" data-widget_type=\"text-editor.default\">\n\t\t\t\t\t\t\t\t\t<p>Er verf\u00fcgt \u00fcber mehr als 20 Jahre Erfahrung im Senior Management in der globalen Pharma- und Medizinbranche. Als Innovations- und Venture-Mentor hat er zur Entwicklung der Wachstumsstrategien vieler Unternehmen und Projekte beigetragen. Bei GE war er in leitender Funktion f\u00fcr das Marktwachstum in den Bereichen Gesundheit und Energie verantwortlich. Er ist ein Experte f\u00fcr Investitionen, Wachstumsstrategien und Organisationsentwicklung. Mit seinen Beitr\u00e4gen in den Bereichen strategische Planung und Management von multidisziplin\u00e4ren Teams unterst\u00fctzt er die Erfolgsvision unseres Unternehmens.    <\/p>\t\t\t\t\t\t\t\t<\/div>\n\t\t\t\t<\/div>\n\t\t\t\t<\/div>\n\t\t<div class=\"elementor-element elementor-element-eea7c9b e-con-full e-flex e-con e-child\" data-id=\"eea7c9b\" data-element_type=\"container\" data-e-type=\"container\" data-settings=\"{&quot;background_background&quot;:&quot;classic&quot;}\">\n\t\t<div class=\"elementor-element elementor-element-8a110e8 e-con-full e-flex e-con e-child\" data-id=\"8a110e8\" data-element_type=\"container\" data-e-type=\"container\">\n\t\t<div class=\"elementor-element elementor-element-38fc66b e-con-full ekip-kart-banner e-flex e-con e-child\" data-id=\"38fc66b\" data-element_type=\"container\" data-e-type=\"container\">\n\t\t\t\t<div class=\"elementor-element elementor-element-15d6f34 elementor-widget elementor-widget-image\" data-id=\"15d6f34\" data-element_type=\"widget\" data-e-type=\"widget\" data-widget_type=\"image.default\">\n\t\t\t\t\t\t\t\t\t\t\t\t\t\t\t<img decoding=\"async\" width=\"978\" height=\"978\" src=\"https:\/\/prosecure.com.tr\/wp-content\/uploads\/2026\/01\/Murat-LeCompte-Bio.jpg\" class=\"attachment-full size-full wp-image-5328\" alt=\"\" srcset=\"https:\/\/prosecure.com.tr\/wp-content\/uploads\/2026\/01\/Murat-LeCompte-Bio.jpg 978w, https:\/\/prosecure.com.tr\/wp-content\/uploads\/2026\/01\/Murat-LeCompte-Bio-300x300.jpg 300w, https:\/\/prosecure.com.tr\/wp-content\/uploads\/2026\/01\/Murat-LeCompte-Bio-150x150.jpg 150w, https:\/\/prosecure.com.tr\/wp-content\/uploads\/2026\/01\/Murat-LeCompte-Bio-768x768.jpg 768w, https:\/\/prosecure.com.tr\/wp-content\/uploads\/2026\/01\/Murat-LeCompte-Bio-650x650.jpg 650w\" sizes=\"(max-width: 978px) 100vw, 978px\" loading=\"eager\" \/>\t\t\t\t\t\t\t\t\t\t\t\t\t\t\t<\/div>\n\t\t\t\t<\/div>\n\t\t<div class=\"elementor-element elementor-element-fbd434e e-con-full e-flex e-con e-child\" data-id=\"fbd434e\" data-element_type=\"container\" data-e-type=\"container\">\n\t\t<div class=\"elementor-element elementor-element-4465017 e-con-full e-flex e-con e-child\" data-id=\"4465017\" data-element_type=\"container\" data-e-type=\"container\">\n\t\t\t\t<div class=\"elementor-element elementor-element-d592732 elementor-widget elementor-widget-heading\" data-id=\"d592732\" data-element_type=\"widget\" data-e-type=\"widget\" data-widget_type=\"heading.default\">\n\t\t\t\t\t<h2 class=\"elementor-heading-title elementor-size-default\">Murat LeCompte<\/h2>\t\t\t\t<\/div>\n\t\t\t\t<div class=\"elementor-element elementor-element-8f526e3 elementor-widget elementor-widget-heading\" data-id=\"8f526e3\" data-element_type=\"widget\" data-e-type=\"widget\" data-widget_type=\"heading.default\">\n\t\t\t\t\t<p class=\"elementor-heading-title elementor-size-default\">Beiratsmitglied<\/p>\t\t\t\t<\/div>\n\t\t<div class=\"elementor-element elementor-element-5666fe1 e-con-full e-flex e-con e-child\" data-id=\"5666fe1\" data-element_type=\"container\" data-e-type=\"container\">\n\t\t\t\t<div class=\"elementor-element elementor-element-6755d37 elementor-view-default elementor-widget elementor-widget-icon\" data-id=\"6755d37\" data-element_type=\"widget\" data-e-type=\"widget\" data-widget_type=\"icon.default\">\n\t\t\t\t\t\t\t<div class=\"elementor-icon-wrapper\">\n\t\t\t<a class=\"elementor-icon\" href=\"https:\/\/www.linkedin.com\/in\/muratlecompte\/\" target=\"_blank\" rel=\"noopener\">\n\t\t\t<svg aria-hidden=\"true\" class=\"e-font-icon-svg e-fab-linkedin\" viewBox=\"0 0 448 512\" xmlns=\"http:\/\/www.w3.org\/2000\/svg\"><path d=\"M416 32H31.9C14.3 32 0 46.5 0 64.3v383.4C0 465.5 14.3 480 31.9 480H416c17.6 0 32-14.5 32-32.3V64.3c0-17.8-14.4-32.3-32-32.3zM135.4 416H69V202.2h66.5V416zm-33.2-243c-21.3 0-38.5-17.3-38.5-38.5S80.9 96 102.2 96c21.2 0 38.5 17.3 38.5 38.5 0 21.3-17.2 38.5-38.5 38.5zm282.1 243h-66.4V312c0-24.8-.5-56.7-34.5-56.7-34.6 0-39.9 27-39.9 54.9V416h-66.4V202.2h63.7v29.2h.9c8.9-16.8 30.6-34.5 62.9-34.5 67.2 0 79.7 44.3 79.7 101.9V416z\"><\/path><\/svg>\t\t\t<\/a>\n\t\t<\/div>\n\t\t\t\t\t\t<\/div>\n\t\t\t\t<div class=\"elementor-element elementor-element-8741976 elementor-view-default elementor-widget elementor-widget-icon\" data-id=\"8741976\" data-element_type=\"widget\" data-e-type=\"widget\" data-widget_type=\"icon.default\">\n\t\t\t\t\t\t\t<div class=\"elementor-icon-wrapper\">\n\t\t\t<a class=\"elementor-icon\" href=\"\" target=\"_blank\">\n\t\t\t<svg aria-hidden=\"true\" class=\"e-font-icon-svg e-fas-envelope\" viewBox=\"0 0 512 512\" xmlns=\"http:\/\/www.w3.org\/2000\/svg\"><path d=\"M502.3 190.8c3.9-3.1 9.7-.2 9.7 4.7V400c0 26.5-21.5 48-48 48H48c-26.5 0-48-21.5-48-48V195.6c0-5 5.7-7.8 9.7-4.7 22.4 17.4 52.1 39.5 154.1 113.6 21.1 15.4 56.7 47.8 92.2 47.6 35.7.3 72-32.8 92.3-47.6 102-74.1 131.6-96.3 154-113.7zM256 320c23.2.4 56.6-29.2 73.4-41.4 132.7-96.3 142.8-104.7 173.4-128.7 5.8-4.5 9.2-11.5 9.2-18.9v-19c0-26.5-21.5-48-48-48H48C21.5 64 0 85.5 0 112v19c0 7.4 3.4 14.3 9.2 18.9 30.6 23.9 40.7 32.4 173.4 128.7 16.8 12.2 50.2 41.8 73.4 41.4z\"><\/path><\/svg>\t\t\t<\/a>\n\t\t<\/div>\n\t\t\t\t\t\t<\/div>\n\t\t\t\t<\/div>\n\t\t\t\t<\/div>\n\t\t\t\t<\/div>\n\t\t\t\t<\/div>\n\t\t<div class=\"elementor-element elementor-element-3fb8e88 e-con-full e-flex e-con e-child\" data-id=\"3fb8e88\" data-element_type=\"container\" data-e-type=\"container\">\n\t\t\t\t<div class=\"elementor-element elementor-element-488adce elementor-widget elementor-widget-text-editor\" data-id=\"488adce\" data-element_type=\"widget\" data-e-type=\"widget\" data-widget_type=\"text-editor.default\">\n\t\t\t\t\t\t\t\t\t<p class=\"p1\">Sie verf\u00fcgt \u00fcber mehr als 25 Jahre Erfahrung in den Bereichen Unternehmenskommunikation, Au\u00dfenbeziehungen und Markenmanagement in der Energie- und Technologiebranche. Er hatte leitende Positionen bei BP, SOCAR und Intel inne und leitete die Kommunikation und das Stakeholder-Management bei internationalen Megaprojekten wie BTC und TANAP. Er war als Vertriebs- und Marketingdirektor bei Austin Lane Technologies t\u00e4tig und spezialisierte sich auf strategisches Marketing, Gesch\u00e4ftsentwicklung und Unternehmensbeziehungen. Er leistet strategische Beitr\u00e4ge zur langfristigen Wertsch\u00f6pfung und zu den Wachstumszielen von Unternehmen.   <\/p>\t\t\t\t\t\t\t\t<\/div>\n\t\t\t\t<\/div>\n\t\t\t\t<\/div>\n\t\t\t\t\t<\/div>\n\t\t\t\t<\/div>\n\t\t\t\t<\/div>\n\t\t","protected":false},"excerpt":{"rendered":"<p>Treffen Sie unseren Vorstand und Beirat Hasan Alsancak Gr\u00fcnder Er verf\u00fcgt \u00fcber mehr als 20 Jahre Berufserfahrung in den Bereichen Finanzkriminalit\u00e4t, qualifizierter Betrug und Geldw\u00e4schebek\u00e4mpfung in der Abteilung f\u00fcr Nachrichtendienste und KOM der Generaldirektion f\u00fcr Sicherheit, als st\u00e4ndiger Mitarbeiter der Vereinten Nationen und in leitenden Positionen auf Konzernleiterebene bei den Energiegiganten BP, BTC und SOCAR. [&hellip;]<\/p>\n","protected":false},"author":1,"featured_media":0,"parent":0,"menu_order":0,"comment_status":"closed","ping_status":"closed","template":"","meta":{"footnotes":""},"class_list":["post-5323","page","type-page","status-publish","hentry"],"_links":{"self":[{"href":"https:\/\/prosecure.com.tr\/de\/wp-json\/wp\/v2\/pages\/5323","targetHints":{"allow":["GET"]}}],"collection":[{"href":"https:\/\/prosecure.com.tr\/de\/wp-json\/wp\/v2\/pages"}],"about":[{"href":"https:\/\/prosecure.com.tr\/de\/wp-json\/wp\/v2\/types\/page"}],"author":[{"embeddable":true,"href":"https:\/\/prosecure.com.tr\/de\/wp-json\/wp\/v2\/users\/1"}],"replies":[{"embeddable":true,"href":"https:\/\/prosecure.com.tr\/de\/wp-json\/wp\/v2\/comments?post=5323"}],"version-history":[{"count":4,"href":"https:\/\/prosecure.com.tr\/de\/wp-json\/wp\/v2\/pages\/5323\/revisions"}],"predecessor-version":[{"id":5975,"href":"https:\/\/prosecure.com.tr\/de\/wp-json\/wp\/v2\/pages\/5323\/revisions\/5975"}],"wp:attachment":[{"href":"https:\/\/prosecure.com.tr\/de\/wp-json\/wp\/v2\/media?parent=5323"}],"curies":[{"name":"wp","href":"https:\/\/api.w.org\/{rel}","templated":true}]}}