{"id":6055,"date":"2026-02-05T07:55:46","date_gmt":"2026-02-05T07:55:46","guid":{"rendered":"https:\/\/prosecure.com.tr\/strategisches-risikomanagement\/"},"modified":"2026-03-26T14:22:08","modified_gmt":"2026-03-26T14:22:08","slug":"strategisches-risikomanagement","status":"publish","type":"page","link":"https:\/\/prosecure.com.tr\/de\/strategisches-risikomanagement\/","title":{"rendered":"Strategisches Risikomanagement"},"content":{"rendered":"\t\t<div data-elementor-type=\"wp-page\" data-elementor-id=\"6055\" class=\"elementor elementor-6055 elementor-6041\" data-elementor-post-type=\"page\">\n\t\t\t\t<div class=\"elementor-element elementor-element-715021d e-flex e-con-boxed e-con e-parent\" data-id=\"715021d\" data-element_type=\"container\" data-e-type=\"container\">\n\t\t\t\t\t<div class=\"e-con-inner\">\n\t\t\t\t<div class=\"elementor-element elementor-element-70cc367 elementor-widget elementor-widget-image\" data-id=\"70cc367\" data-element_type=\"widget\" data-e-type=\"widget\" data-widget_type=\"image.default\">\n\t\t\t\t\t\t\t\t\t\t\t\t\t\t\t<img fetchpriority=\"high\" decoding=\"async\" width=\"2457\" height=\"1567\" src=\"https:\/\/prosecure.com.tr\/wp-content\/uploads\/2026\/01\/Hicbir-suc-tek-basina-islenmez.-Prosecure.jpg\" class=\"attachment-full size-full wp-image-5286\" alt=\"\" srcset=\"https:\/\/prosecure.com.tr\/wp-content\/uploads\/2026\/01\/Hicbir-suc-tek-basina-islenmez.-Prosecure.jpg 2457w, https:\/\/prosecure.com.tr\/wp-content\/uploads\/2026\/01\/Hicbir-suc-tek-basina-islenmez.-Prosecure-300x191.jpg 300w, https:\/\/prosecure.com.tr\/wp-content\/uploads\/2026\/01\/Hicbir-suc-tek-basina-islenmez.-Prosecure-1024x653.jpg 1024w, https:\/\/prosecure.com.tr\/wp-content\/uploads\/2026\/01\/Hicbir-suc-tek-basina-islenmez.-Prosecure-768x490.jpg 768w, https:\/\/prosecure.com.tr\/wp-content\/uploads\/2026\/01\/Hicbir-suc-tek-basina-islenmez.-Prosecure-1536x980.jpg 1536w, https:\/\/prosecure.com.tr\/wp-content\/uploads\/2026\/01\/Hicbir-suc-tek-basina-islenmez.-Prosecure-2048x1306.jpg 2048w, https:\/\/prosecure.com.tr\/wp-content\/uploads\/2026\/01\/Hicbir-suc-tek-basina-islenmez.-Prosecure-650x415.jpg 650w\" sizes=\"(max-width: 2457px) 100vw, 2457px\" loading=\"eager\" \/>\t\t\t\t\t\t\t\t\t\t\t\t\t\t\t<\/div>\n\t\t\t\t<div class=\"elementor-element elementor-element-e6c720f elementor-widget elementor-widget-heading\" data-id=\"e6c720f\" data-element_type=\"widget\" data-e-type=\"widget\" data-widget_type=\"heading.default\">\n\t\t\t\t\t<h1 class=\"elementor-heading-title elementor-size-default\">Strategisches Risikomanagement<\/h1>\t\t\t\t<\/div>\n\t\t\t\t<div class=\"elementor-element elementor-element-5c08b6d elementor-widget elementor-widget-spacer\" data-id=\"5c08b6d\" data-element_type=\"widget\" data-e-type=\"widget\" data-widget_type=\"spacer.default\">\n\t\t\t\t\t\t\t<div class=\"elementor-spacer\">\n\t\t\t<div class=\"elementor-spacer-inner\"><\/div>\n\t\t<\/div>\n\t\t\t\t\t\t<\/div>\n\t\t\t\t<div class=\"elementor-element elementor-element-a27dfeb elementor-widget elementor-widget-heading\" data-id=\"a27dfeb\" data-element_type=\"widget\" data-e-type=\"widget\" data-widget_type=\"heading.default\">\n\t\t\t\t\t<h3 class=\"elementor-heading-title elementor-size-default\">Ein Risiko gewinnt eine strategische Dimension, wenn es beginnt, die Entscheidungsf\u00e4higkeit zu beeintr\u00e4chtigen.<\/h3>\t\t\t\t<\/div>\n\t\t\t\t<div class=\"elementor-element elementor-element-42ed9b8 elementor-widget elementor-widget-text-editor\" data-id=\"42ed9b8\" data-element_type=\"widget\" data-e-type=\"widget\" data-widget_type=\"text-editor.default\">\n\t\t\t\t\t\t\t\t\t<p style=\"font-weight: 400;\">In der heutigen Gesch\u00e4ftswelt ist Risiko nicht nur eine technische Angelegenheit, die in Prozessen oder Systemen auftritt. Das eigentliche Risiko entsteht in den Momenten, in denen <strong>der Entscheidungsfindungsmechanismus unter Druck ger\u00e4t<\/strong> und die F\u00e4higkeit zur Orientierung geschw\u00e4cht wird. <\/p><p style=\"font-weight: 400;\">Aus diesem Grund betrachten wir Risiken nicht als einzelne Bedrohungen, sondern im Kontext ihrer Auswirkungen auf <strong>Entscheidungsprozesse, die operative Kontinuit\u00e4t und die F\u00fchrung<\/strong>.<\/p><p style=\"font-weight: 400;\">Wir unterst\u00fctzen das Top-Management dabei, die Entscheidungsfindung, Handlungsfreiheit und Repr\u00e4sentationskraft auch unter <strong>Bedrohungs-, Druck-, Unsicherheits- und Krisenbedingungen<\/strong> ununterbrochen aufrechtzuerhalten. <\/p>\t\t\t\t\t\t\t\t<\/div>\n\t\t\t\t<div class=\"elementor-element elementor-element-946f76f elementor-widget elementor-widget-spacer\" data-id=\"946f76f\" data-element_type=\"widget\" data-e-type=\"widget\" data-widget_type=\"spacer.default\">\n\t\t\t\t\t\t\t<div class=\"elementor-spacer\">\n\t\t\t<div class=\"elementor-spacer-inner\"><\/div>\n\t\t<\/div>\n\t\t\t\t\t\t<\/div>\n\t\t\t\t<div class=\"elementor-element elementor-element-4ac495a elementor-widget elementor-widget-heading\" data-id=\"4ac495a\" data-element_type=\"widget\" data-e-type=\"widget\" data-widget_type=\"heading.default\">\n\t\t\t\t\t<h3 class=\"elementor-heading-title elementor-size-default\">Entscheidungsprozesse auf h\u00f6chster Ebene und operationelles Risiko<\/h3>\t\t\t\t<\/div>\n\t\t\t\t<div class=\"elementor-element elementor-element-133a87b elementor-widget elementor-widget-text-editor\" data-id=\"133a87b\" data-element_type=\"widget\" data-e-type=\"widget\" data-widget_type=\"text-editor.default\">\n\t\t\t\t\t\t\t\t\t<p style=\"font-weight: 400;\">Operationelle Risiken entstehen oft durch Prozesse, Informationsfluss und Zeitplanung. Wenn diese Elemente jedoch beginnen, den Fokus, den Zugang oder den Handlungsspielraum des Top-Managements einzuschr\u00e4nken, wird das Risiko nicht mehr operationell, sondern verwandelt sich in eine <strong>strategische Anf\u00e4lligkeit<\/strong>. <\/p>\t\t\t\t\t\t\t\t<\/div>\n\t\t\t\t<div class=\"elementor-element elementor-element-e52f74d elementor-widget elementor-widget-spacer\" data-id=\"e52f74d\" data-element_type=\"widget\" data-e-type=\"widget\" data-widget_type=\"spacer.default\">\n\t\t\t\t\t\t\t<div class=\"elementor-spacer\">\n\t\t\t<div class=\"elementor-spacer-inner\"><\/div>\n\t\t<\/div>\n\t\t\t\t\t\t<\/div>\n\t\t\t\t<div class=\"elementor-element elementor-element-b7c926d elementor-widget elementor-widget-heading\" data-id=\"b7c926d\" data-element_type=\"widget\" data-e-type=\"widget\" data-widget_type=\"heading.default\">\n\t\t\t\t\t<h3 class=\"elementor-heading-title elementor-size-default\">Die Kontinuit\u00e4t der Entscheidungsfindung muss in jeder Umgebung gew\u00e4hrleistet sein.<\/h3>\t\t\t\t<\/div>\n\t\t\t\t<div class=\"elementor-element elementor-element-fa9e710 elementor-widget elementor-widget-text-editor\" data-id=\"fa9e710\" data-element_type=\"widget\" data-e-type=\"widget\" data-widget_type=\"text-editor.default\">\n\t\t\t\t\t\t\t\t\t<p>Die Rollen des Top-Managements, die intensive Repr\u00e4sentation, Kontakte und Mobilit\u00e4t erfordern, verlangen, dass die Entscheidungsprozesse in jeder Situation <span class=\"s2\"><b>kontinuierlich ablaufen<\/b><\/span>. In solchen F\u00e4llen kann das strategische Risikomanagement nicht auf die Analyse beschr\u00e4nkt bleiben; es ben\u00f6tigt eine Struktur, die die Kontinuit\u00e4t der Entscheidungsfindung auch auf operativer Ebene unterst\u00fctzt. In diesem Rahmen positionieren wir den <a href=\"https:\/\/prosecure.com.tr\/de\/personenschutz\/\"><span style=\"text-decoration: underline;\"><strong><span class=\"s2\">Executive Protection<\/span><\/strong><\/span><\/a><span class=\"s2\">-Dienst<\/span> als eine operative Ebene des strategischen Risikomanagements.  <\/p>\t\t\t\t\t\t\t\t<\/div>\n\t\t\t\t<div class=\"elementor-element elementor-element-3d6ae32 elementor-widget elementor-widget-spacer\" data-id=\"3d6ae32\" data-element_type=\"widget\" data-e-type=\"widget\" data-widget_type=\"spacer.default\">\n\t\t\t\t\t\t\t<div class=\"elementor-spacer\">\n\t\t\t<div class=\"elementor-spacer-inner\"><\/div>\n\t\t<\/div>\n\t\t\t\t\t\t<\/div>\n\t\t\t\t<div class=\"elementor-element elementor-element-8c4b69c elementor-widget elementor-widget-heading\" data-id=\"8c4b69c\" data-element_type=\"widget\" data-e-type=\"widget\" data-widget_type=\"heading.default\">\n\t\t\t\t\t<h3 class=\"elementor-heading-title elementor-size-default\">Als Prosecure stellen wir bei der Steuerung strategischer Risiken in einer Organisation die Auswirkungen der Risiken auf die Entscheidungstr\u00e4ger der oberen F\u00fchrungsebene in den Mittelpunkt.<\/h3>\t\t\t\t<\/div>\n\t\t\t\t\t<\/div>\n\t\t\t\t<\/div>\n\t\t\t\t<\/div>\n\t\t","protected":false},"excerpt":{"rendered":"<p>Strategisches Risikomanagement Ein Risiko gewinnt eine strategische Dimension, wenn es beginnt, die Entscheidungsf\u00e4higkeit zu beeintr\u00e4chtigen. In der heutigen Gesch\u00e4ftswelt ist Risiko nicht nur eine technische Angelegenheit, die in Prozessen oder Systemen auftritt. Das eigentliche Risiko entsteht in den Momenten, in denen der Entscheidungsfindungsmechanismus unter Druck ger\u00e4t und die F\u00e4higkeit zur Orientierung geschw\u00e4cht wird. Aus diesem [&hellip;]<\/p>\n","protected":false},"author":1,"featured_media":0,"parent":0,"menu_order":0,"comment_status":"closed","ping_status":"closed","template":"","meta":{"footnotes":""},"class_list":["post-6055","page","type-page","status-publish","hentry"],"_links":{"self":[{"href":"https:\/\/prosecure.com.tr\/de\/wp-json\/wp\/v2\/pages\/6055","targetHints":{"allow":["GET"]}}],"collection":[{"href":"https:\/\/prosecure.com.tr\/de\/wp-json\/wp\/v2\/pages"}],"about":[{"href":"https:\/\/prosecure.com.tr\/de\/wp-json\/wp\/v2\/types\/page"}],"author":[{"embeddable":true,"href":"https:\/\/prosecure.com.tr\/de\/wp-json\/wp\/v2\/users\/1"}],"replies":[{"embeddable":true,"href":"https:\/\/prosecure.com.tr\/de\/wp-json\/wp\/v2\/comments?post=6055"}],"version-history":[{"count":3,"href":"https:\/\/prosecure.com.tr\/de\/wp-json\/wp\/v2\/pages\/6055\/revisions"}],"predecessor-version":[{"id":6694,"href":"https:\/\/prosecure.com.tr\/de\/wp-json\/wp\/v2\/pages\/6055\/revisions\/6694"}],"wp:attachment":[{"href":"https:\/\/prosecure.com.tr\/de\/wp-json\/wp\/v2\/media?parent=6055"}],"curies":[{"name":"wp","href":"https:\/\/api.w.org\/{rel}","templated":true}]}}