{"id":4132,"date":"2025-12-05T06:31:32","date_gmt":"2025-12-05T06:31:32","guid":{"rendered":"https:\/\/prosecure.com.tr\/career\/"},"modified":"2026-02-13T09:02:38","modified_gmt":"2026-02-13T09:02:38","slug":"career","status":"publish","type":"page","link":"https:\/\/prosecure.com.tr\/en\/career\/","title":{"rendered":"Career"},"content":{"rendered":"\t\t<div data-elementor-type=\"wp-page\" data-elementor-id=\"4132\" class=\"elementor elementor-4132 elementor-1137\" data-elementor-post-type=\"page\">\n\t\t\t\t<div class=\"elementor-element elementor-element-36fed08 e-con-full hero-pre e-flex e-con e-parent\" data-id=\"36fed08\" data-element_type=\"container\" data-e-type=\"container\" data-settings=\"{&quot;background_background&quot;:&quot;classic&quot;}\">\n\t\t<div class=\"elementor-element elementor-element-d71c440 e-flex e-con-boxed e-con e-child\" data-id=\"d71c440\" data-element_type=\"container\" data-e-type=\"container\">\n\t\t\t\t\t<div class=\"e-con-inner\">\n\t\t\t\t<div class=\"elementor-element elementor-element-5194cc4 elementor-widget elementor-widget-heading\" data-id=\"5194cc4\" data-element_type=\"widget\" data-e-type=\"widget\" data-widget_type=\"heading.default\">\n\t\t\t\t\t<h2 class=\"elementor-heading-title elementor-size-default\">Join Us<\/h2>\t\t\t\t<\/div>\n\t\t\t\t<div class=\"elementor-element elementor-element-3bf478f elementor-widget elementor-widget-text-editor\" data-id=\"3bf478f\" data-element_type=\"widget\" data-e-type=\"widget\" data-widget_type=\"text-editor.default\">\n\t\t\t\t\t\t\t\t\t<p>Join Us<\/p>\t\t\t\t\t\t\t\t<\/div>\n\t\t\t\t\t<\/div>\n\t\t\t\t<\/div>\n\t\t\t\t<\/div>\n\t\t<div class=\"elementor-element elementor-element-074758d e-flex e-con-boxed e-con e-parent\" data-id=\"074758d\" data-element_type=\"container\" data-e-type=\"container\">\n\t\t\t\t\t<div class=\"e-con-inner\">\n\t\t\t\t<div class=\"elementor-element elementor-element-dd300c7 elementor-widget elementor-widget-spacer\" data-id=\"dd300c7\" data-element_type=\"widget\" data-e-type=\"widget\" data-widget_type=\"spacer.default\">\n\t\t\t\t\t\t\t<div class=\"elementor-spacer\">\n\t\t\t<div class=\"elementor-spacer-inner\"><\/div>\n\t\t<\/div>\n\t\t\t\t\t\t<\/div>\n\t\t\t\t\t<\/div>\n\t\t\t\t<\/div>\n\t\t<div class=\"elementor-element elementor-element-d4094e2 e-flex e-con-boxed e-con e-parent\" data-id=\"d4094e2\" data-element_type=\"container\" data-e-type=\"container\">\n\t\t\t\t\t<div class=\"e-con-inner\">\n\t\t\t\t<div class=\"elementor-element elementor-element-dfa8b31 elementor-widget elementor-widget-text-editor\" data-id=\"dfa8b31\" data-element_type=\"widget\" data-e-type=\"widget\" data-widget_type=\"text-editor.default\">\n\t\t\t\t\t\t\t\t\t<h3 class=\"p1\">As Prosecure, we believe that the biggest power behind our success is our qualified and reliable human resources that we grow together. Join us if you want to take part in a development-oriented dynamic team where you can use your talent in valuable projects. <\/h3>\t\t\t\t\t\t\t\t<\/div>\n\t\t\t\t\t<\/div>\n\t\t\t\t<\/div>\n\t\t<div class=\"elementor-element elementor-element-40c2c42 e-flex e-con-boxed e-con e-parent\" data-id=\"40c2c42\" data-element_type=\"container\" data-e-type=\"container\" data-settings=\"{&quot;background_background&quot;:&quot;classic&quot;}\">\n\t\t\t\t\t<div class=\"e-con-inner\">\n\t\t<div class=\"elementor-element elementor-element-e52f802 e-con-full hero-divider e-flex e-con e-child\" data-id=\"e52f802\" data-element_type=\"container\" data-e-type=\"container\">\n\t\t\t\t<div class=\"elementor-element elementor-element-ceaefbb elementor-widget elementor-widget-wpforms\" data-id=\"ceaefbb\" data-element_type=\"widget\" data-e-type=\"widget\" data-widget_type=\"wpforms.default\">\n\t\t\t\t<div class=\"elementor-widget-container\">\n\t\t\t\t\t<style id=\"wpforms-css-vars-elementor-widget-ceaefbb\">\n\t\t\t\t.elementor-widget-wpforms.elementor-element-ceaefbb {\n\t\t\t\t--wpforms-field-border-radius: 16px;\n--wpforms-button-border-radius: 24px;\n--wpforms-button-background-color: #333333;\n--wpforms-page-break-color: #090909;\n--wpforms-field-border-style: none;\n--wpforms-button-border-style: solid;\n--wpforms-button-border-color: #090909;\n--wpforms-button-text-color: #F5F5F5;\n--wpforms-field-border-size: 0px;\n--wpforms-field-size-input-height: 50px;\n--wpforms-field-size-input-spacing: 20px;\n--wpforms-field-size-font-size: 18px;\n--wpforms-field-size-line-height: 21px;\n--wpforms-field-size-padding-h: 14px;\n--wpforms-field-size-checkbox-size: 18px;\n--wpforms-field-size-sublabel-spacing: 10px;\n--wpforms-field-size-icon-size: 1.25;\n--wpforms-button-size-font-size: 20px;\n--wpforms-button-size-height: 48px;\n--wpforms-button-size-padding-h: 20px;\n--wpforms-button-size-margin-top: 15px;\n\t\t\t}\n\t\t\t<\/style><div class=\"wpforms-container wpforms-container-full wpforms-render-modern\" id=\"wpforms-4310\"><form id=\"wpforms-form-4310\" class=\"wpforms-validate wpforms-form wpforms-ajax-form\" data-formid=\"4310\" method=\"post\" enctype=\"multipart\/form-data\" action=\"\/en\/wp-json\/wp\/v2\/pages\/4132?wpforms_form_id=4310\" data-token=\"50e0239bb3c51b824f858da51f503a0b\" data-token-time=\"1778675045\"><noscript class=\"wpforms-error-noscript\">Please enable JavaScript in your browser to complete this form.<\/noscript><div id=\"wpforms-error-noscript\" style=\"display: none;\">Please enable JavaScript in your browser to complete this form.<\/div><div class=\"wpforms-field-container\"><div id=\"wpforms-4310-field_2-container\" class=\"wpforms-field wpforms-field-layout\" data-field-type=\"layout\" data-field-id=\"2\"><h3 class=\"wpforms-field-label\">\n\t\t\t\tJob Application Form\n\t\t\t<\/h3><div class=\"wpforms-field-layout-rows wpforms-field-large\"><div class=\"wpforms-layout-row\"><div class=\"wpforms-layout-column wpforms-layout-column-50\"><div id=\"wpforms-4310-field_1-container\" class=\"wpforms-field wpforms-field-name\" data-field-type=\"name\" data-field-id=\"1\"><label class=\"wpforms-field-label\" for=\"wpforms-4310-field_1\">Name Surname <span class=\"wpforms-required-label\" aria-hidden=\"true\">*<\/span><\/label><input type=\"text\" id=\"wpforms-4310-field_1\" class=\"wpforms-field-medium wpforms-field-required\" name=\"wpforms[fields][1]\" aria-errormessage=\"wpforms-4310-field_1-error\" required><\/div><\/div><div class=\"wpforms-layout-column wpforms-layout-column-50\"><div id=\"wpforms-4310-field_3-container\" class=\"wpforms-field wpforms-field-phone\" data-field-type=\"phone\" data-field-id=\"3\"><label class=\"wpforms-field-label\" for=\"wpforms-4310-field_3\">Telephone <span class=\"wpforms-required-label\" aria-hidden=\"true\">*<\/span><\/label><input type=\"tel\" id=\"wpforms-4310-field_3\" class=\"wpforms-field-medium wpforms-field-required wpforms-smart-phone-field\" data-rule-smart-phone-field=\"true\" name=\"wpforms[fields][3]\" aria-label=\"Telephone\" aria-errormessage=\"wpforms-4310-field_3-error\" required><\/div><\/div><\/div><div class=\"wpforms-layout-row\"><div class=\"wpforms-layout-column wpforms-layout-column-50\"><div id=\"wpforms-4310-field_4-container\" class=\"wpforms-field wpforms-field-email\" data-field-type=\"email\" data-field-id=\"4\"><label class=\"wpforms-field-label\" for=\"wpforms-4310-field_4\">Email <span class=\"wpforms-required-label\" aria-hidden=\"true\">*<\/span><\/label><input type=\"email\" id=\"wpforms-4310-field_4\" class=\"wpforms-field-medium wpforms-field-required\" name=\"wpforms[fields][4]\" spellcheck=\"false\" aria-errormessage=\"wpforms-4310-field_4-error\" required><\/div><\/div><div class=\"wpforms-layout-column wpforms-layout-column-50\"><div id=\"wpforms-4310-field_11-container\" class=\"wpforms-field wpforms-field-text\" data-field-type=\"text\" data-field-id=\"11\"><label class=\"wpforms-field-label\" for=\"wpforms-4310-field_11\">Province and District of Your Application <span class=\"wpforms-required-label\" aria-hidden=\"true\">*<\/span><\/label><input type=\"text\" id=\"wpforms-4310-field_11\" class=\"wpforms-field-medium wpforms-field-required\" name=\"wpforms[fields][11]\" aria-errormessage=\"wpforms-4310-field_11-error\" required><\/div><\/div><\/div><\/div><\/div><div id=\"wpforms-4310-field_25-container\" class=\"wpforms-field wpforms-field-layout\" data-field-type=\"layout\" data-field-id=\"25\"><h3 class=\"wpforms-field-label\">\n\t\t\t\tJob Application Area\n\t\t\t<\/h3><div class=\"wpforms-field-layout-rows wpforms-field-large\"><div class=\"wpforms-layout-row\"><div class=\"wpforms-layout-column wpforms-layout-column-100\"><div id=\"wpforms-4310-field_27-container\" class=\"wpforms-field wpforms-field-select wpforms-field-select-style-classic\" data-field-type=\"select\" data-field-id=\"27\"><label class=\"wpforms-field-label\" for=\"wpforms-4310-field_27\">Select the area you wish to apply for <span class=\"wpforms-required-label\" aria-hidden=\"true\">*<\/span><\/label><select id=\"wpforms-4310-field_27\" class=\"wpforms-field-large wpforms-field-required\" name=\"wpforms[fields][27]\" required=\"required\"><option value=\"\" class=\"placeholder\" disabled  selected='selected'>--- Choose Selection ---<\/option><option value=\"Digital Marketing and Social Media\"  class=\"choice-7 depth-1\"  >Digital Marketing and Social Media<\/option><option value=\"Inquiry\"  class=\"choice-5 depth-1\"  >Inquiry<\/option><option value=\"Close Protection Consultant\"  class=\"choice-4 depth-1\"  >Close Protection Consultant<\/option><option value=\"Other\"  class=\"choice-8 depth-1\"  >Other<\/option><\/select><\/div><\/div><\/div><\/div><\/div>\t\t<div id=\"wpforms-4310-field_5-container\"\n\t\t\tclass=\"wpforms-field wpforms-field-text\"\n\t\t\tdata-field-type=\"text\"\n\t\t\tdata-field-id=\"5\"\n\t\t\t>\n\t\t\t<label class=\"wpforms-field-label\" for=\"wpforms-4310-field_5\" >can of area<\/label>\n\t\t\t<input type=\"text\" id=\"wpforms-4310-field_5\" class=\"wpforms-field-medium\" name=\"wpforms[fields][5]\" >\n\t\t<\/div>\n\t\t<div id=\"wpforms-4310-field_36-container\" class=\"wpforms-field wpforms-field-textarea\" data-field-type=\"textarea\" data-field-id=\"36\"><label class=\"wpforms-field-label\" for=\"wpforms-4310-field_36\">Cover Letter <span class=\"wpforms-required-label\" aria-hidden=\"true\">*<\/span><\/label><textarea id=\"wpforms-4310-field_36\" class=\"wpforms-field-medium wpforms-field-required\" name=\"wpforms[fields][36]\" aria-errormessage=\"wpforms-4310-field_36-error\" aria-describedby=\"wpforms-4310-field_36-description\" required><\/textarea><div id=\"wpforms-4310-field_36-description\" class=\"wpforms-field-description\">Please explain in detail why you believe you are suitable for the position you are applying for in this field, providing concrete examples from your personal qualities, education, and work experience. You may also list your references in this section. \n<\/div><\/div><div id=\"wpforms-4310-field_37-container\" class=\"wpforms-field wpforms-field-layout\" data-field-type=\"layout\" data-field-id=\"37\"><h3 class=\"wpforms-field-label\">\n\t\t\t\tApplication Documents and Picture\n\t\t\t<\/h3><div class=\"wpforms-field-layout-rows wpforms-field-large\"><div class=\"wpforms-layout-row\"><div class=\"wpforms-layout-column wpforms-layout-column-50\"><div id=\"wpforms-4310-field_38-container\" class=\"wpforms-field wpforms-field-file-upload\" data-field-type=\"file-upload\" data-field-id=\"38\"><label class=\"wpforms-field-label\" for=\"wpforms-4310-field_38\">You can upload your CV here<\/label><div\n\t\tclass=\"wpforms-uploader \"\n\t\tdata-field-id=\"38\"\n\t\tdata-form-id=\"4310\"\n\t\tdata-input-name=\"wpforms_4310_38\"\n\t\tdata-extensions=\"pdf\"\n\t\tdata-max-size=\"5242880\"\n\t\tdata-max-file-number=\"1\"\n\t\tdata-post-max-size=\"1073741824\"\n\t\tdata-max-parallel-uploads=\"4\"\n\t\tdata-parallel-uploads=\"true\"\n\t\tdata-file-chunk-size=\"2097152\">\n\t<div class=\"dz-message\">\n\t\t<svg  viewBox=\"0 0 640 640\" focusable=\"false\" data-icon=\"inbox\" width=\"50px\" height=\"50px\" fill=\"currentColor\" aria-hidden=\"true\">\n\t\t\t<path d=\"M352 173.3L352 384C352 401.7 337.7 416 320 416C302.3 416 288 401.7 288 384L288 173.3L246.6 214.7C234.1 227.2 213.8 227.2 201.3 214.7C188.8 202.2 188.8 181.9 201.3 169.4L297.3 73.4C309.8 60.9 330.1 60.9 342.6 73.4L438.6 169.4C451.1 181.9 451.1 202.2 438.6 214.7C426.1 227.2 405.8 227.2 393.3 214.7L352 173.3zM320 464C364.2 464 400 428.2 400 384L480 384C515.3 384 544 412.7 544 448L544 480C544 515.3 515.3 544 480 544L160 544C124.7 544 96 515.3 96 480L96 448C96 412.7 124.7 384 160 384L240 384C240 428.2 275.8 464 320 464zM464 488C477.3 488 488 477.3 488 464C488 450.7 477.3 440 464 440C450.7 440 440 450.7 440 464C440 477.3 450.7 488 464 488z\"\/>\n\t\t<\/svg>\n\n\t\t<span class=\"modern-title\">\n\t\t\t\t\t\t\tDrag &amp; Drop Files, \t\t\t\t<span>Choose Files to Upload<\/span>\n\t\t\t\t\t<\/span>\n\n\t\t\t<\/div>\n<\/div>\n\n<input\n\t\ttype=\"text\"\n\t\tautocomplete=\"off\"\n\t\treadonly\n\t\tclass=\"dropzone-input\"\n\t\tstyle=\"position:absolute!important;clip:rect(0,0,0,0)!important;height:1px!important;width:1px!important;border:0!important;overflow:hidden!important;padding:0!important;margin:0!important;\"\n\t\tid=\"wpforms-4310-field_38\"\n\t\tname=\"wpforms_4310_38\" \t\tvalue=\"\">\n<div id=\"wpforms-4310-field_38-description\" class=\"wpforms-field-description\">Your CV and Resume in PDF format<\/div><\/div><\/div><div class=\"wpforms-layout-column wpforms-layout-column-50\"><div id=\"wpforms-4310-field_39-container\" class=\"wpforms-field wpforms-field-file-upload\" data-field-type=\"file-upload\" data-field-id=\"39\"><label class=\"wpforms-field-label\" for=\"wpforms-4310-field_39\">You can upload your passport-sized photo here<\/label><div\n\t\tclass=\"wpforms-uploader \"\n\t\tdata-field-id=\"39\"\n\t\tdata-form-id=\"4310\"\n\t\tdata-input-name=\"wpforms_4310_39\"\n\t\tdata-extensions=\"jpg,png,tiff\"\n\t\tdata-max-size=\"5242880\"\n\t\tdata-max-file-number=\"1\"\n\t\tdata-post-max-size=\"1073741824\"\n\t\tdata-max-parallel-uploads=\"4\"\n\t\tdata-parallel-uploads=\"true\"\n\t\tdata-file-chunk-size=\"2097152\">\n\t<div class=\"dz-message\">\n\t\t<svg  viewBox=\"0 0 640 640\" focusable=\"false\" data-icon=\"inbox\" width=\"50px\" height=\"50px\" fill=\"currentColor\" aria-hidden=\"true\">\n\t\t\t<path d=\"M352 173.3L352 384C352 401.7 337.7 416 320 416C302.3 416 288 401.7 288 384L288 173.3L246.6 214.7C234.1 227.2 213.8 227.2 201.3 214.7C188.8 202.2 188.8 181.9 201.3 169.4L297.3 73.4C309.8 60.9 330.1 60.9 342.6 73.4L438.6 169.4C451.1 181.9 451.1 202.2 438.6 214.7C426.1 227.2 405.8 227.2 393.3 214.7L352 173.3zM320 464C364.2 464 400 428.2 400 384L480 384C515.3 384 544 412.7 544 448L544 480C544 515.3 515.3 544 480 544L160 544C124.7 544 96 515.3 96 480L96 448C96 412.7 124.7 384 160 384L240 384C240 428.2 275.8 464 320 464zM464 488C477.3 488 488 477.3 488 464C488 450.7 477.3 440 464 440C450.7 440 440 450.7 440 464C440 477.3 450.7 488 464 488z\"\/>\n\t\t<\/svg>\n\n\t\t<span class=\"modern-title\">\n\t\t\t\t\t\t\tDrag &amp; Drop Files, \t\t\t\t<span>Choose Files to Upload<\/span>\n\t\t\t\t\t<\/span>\n\n\t\t\t<\/div>\n<\/div>\n\n<input\n\t\ttype=\"text\"\n\t\tautocomplete=\"off\"\n\t\treadonly\n\t\tclass=\"dropzone-input\"\n\t\tstyle=\"position:absolute!important;clip:rect(0,0,0,0)!important;height:1px!important;width:1px!important;border:0!important;overflow:hidden!important;padding:0!important;margin:0!important;\"\n\t\tid=\"wpforms-4310-field_39\"\n\t\tname=\"wpforms_4310_39\" \t\tvalue=\"\">\n<div id=\"wpforms-4310-field_39-description\" class=\"wpforms-field-description\">It will be used in your HR file in our system.<\/div><\/div><\/div><\/div><div class=\"wpforms-layout-row\"><div class=\"wpforms-layout-column wpforms-layout-column-50\"><div id=\"wpforms-4310-field_40-container\" class=\"wpforms-field wpforms-field-file-upload\" data-field-type=\"file-upload\" data-field-id=\"40\"><label class=\"wpforms-field-label\" for=\"wpforms-4310-field_40\">Document Upload Area - 1<\/label><div\n\t\tclass=\"wpforms-uploader \"\n\t\tdata-field-id=\"40\"\n\t\tdata-form-id=\"4310\"\n\t\tdata-input-name=\"wpforms_4310_40\"\n\t\tdata-extensions=\"\"\n\t\tdata-max-size=\"20971520\"\n\t\tdata-max-file-number=\"10\"\n\t\tdata-post-max-size=\"1073741824\"\n\t\tdata-max-parallel-uploads=\"4\"\n\t\tdata-parallel-uploads=\"true\"\n\t\tdata-file-chunk-size=\"2097152\">\n\t<div class=\"dz-message\">\n\t\t<svg  viewBox=\"0 0 640 640\" focusable=\"false\" data-icon=\"inbox\" width=\"50px\" height=\"50px\" fill=\"currentColor\" aria-hidden=\"true\">\n\t\t\t<path d=\"M352 173.3L352 384C352 401.7 337.7 416 320 416C302.3 416 288 401.7 288 384L288 173.3L246.6 214.7C234.1 227.2 213.8 227.2 201.3 214.7C188.8 202.2 188.8 181.9 201.3 169.4L297.3 73.4C309.8 60.9 330.1 60.9 342.6 73.4L438.6 169.4C451.1 181.9 451.1 202.2 438.6 214.7C426.1 227.2 405.8 227.2 393.3 214.7L352 173.3zM320 464C364.2 464 400 428.2 400 384L480 384C515.3 384 544 412.7 544 448L544 480C544 515.3 515.3 544 480 544L160 544C124.7 544 96 515.3 96 480L96 448C96 412.7 124.7 384 160 384L240 384C240 428.2 275.8 464 320 464zM464 488C477.3 488 488 477.3 488 464C488 450.7 477.3 440 464 440C450.7 440 440 450.7 440 464C440 477.3 450.7 488 464 488z\"\/>\n\t\t<\/svg>\n\n\t\t<span class=\"modern-title\">\n\t\t\t\t\t\t\tDrag &amp; Drop Files, \t\t\t\t<span>Choose Files to Upload<\/span>\n\t\t\t\t\t<\/span>\n\n\t\t\t\t\t<span class=\"modern-hint\">You can upload up to 10 files.<\/span>\n\t\t\t<\/div>\n<\/div>\n\n<input\n\t\ttype=\"text\"\n\t\tautocomplete=\"off\"\n\t\treadonly\n\t\tclass=\"dropzone-input\"\n\t\tstyle=\"position:absolute!important;clip:rect(0,0,0,0)!important;height:1px!important;width:1px!important;border:0!important;overflow:hidden!important;padding:0!important;margin:0!important;\"\n\t\tid=\"wpforms-4310-field_40\"\n\t\tname=\"wpforms_4310_40\" \t\tvalue=\"\">\n<\/div><\/div><div class=\"wpforms-layout-column wpforms-layout-column-50\"><div id=\"wpforms-4310-field_42-container\" class=\"wpforms-field wpforms-field-file-upload\" data-field-type=\"file-upload\" data-field-id=\"42\"><label class=\"wpforms-field-label\" for=\"wpforms-4310-field_42\">Document Upload Area - 2<\/label><div\n\t\tclass=\"wpforms-uploader \"\n\t\tdata-field-id=\"42\"\n\t\tdata-form-id=\"4310\"\n\t\tdata-input-name=\"wpforms_4310_42\"\n\t\tdata-extensions=\"\"\n\t\tdata-max-size=\"20971520\"\n\t\tdata-max-file-number=\"10\"\n\t\tdata-post-max-size=\"1073741824\"\n\t\tdata-max-parallel-uploads=\"4\"\n\t\tdata-parallel-uploads=\"true\"\n\t\tdata-file-chunk-size=\"2097152\">\n\t<div class=\"dz-message\">\n\t\t<svg  viewBox=\"0 0 640 640\" focusable=\"false\" data-icon=\"inbox\" width=\"50px\" height=\"50px\" fill=\"currentColor\" aria-hidden=\"true\">\n\t\t\t<path d=\"M352 173.3L352 384C352 401.7 337.7 416 320 416C302.3 416 288 401.7 288 384L288 173.3L246.6 214.7C234.1 227.2 213.8 227.2 201.3 214.7C188.8 202.2 188.8 181.9 201.3 169.4L297.3 73.4C309.8 60.9 330.1 60.9 342.6 73.4L438.6 169.4C451.1 181.9 451.1 202.2 438.6 214.7C426.1 227.2 405.8 227.2 393.3 214.7L352 173.3zM320 464C364.2 464 400 428.2 400 384L480 384C515.3 384 544 412.7 544 448L544 480C544 515.3 515.3 544 480 544L160 544C124.7 544 96 515.3 96 480L96 448C96 412.7 124.7 384 160 384L240 384C240 428.2 275.8 464 320 464zM464 488C477.3 488 488 477.3 488 464C488 450.7 477.3 440 464 440C450.7 440 440 450.7 440 464C440 477.3 450.7 488 464 488z\"\/>\n\t\t<\/svg>\n\n\t\t<span class=\"modern-title\">\n\t\t\t\t\t\t\tDrag &amp; Drop Files, \t\t\t\t<span>Choose Files to Upload<\/span>\n\t\t\t\t\t<\/span>\n\n\t\t\t\t\t<span class=\"modern-hint\">You can upload up to 10 files.<\/span>\n\t\t\t<\/div>\n<\/div>\n\n<input\n\t\ttype=\"text\"\n\t\tautocomplete=\"off\"\n\t\treadonly\n\t\tclass=\"dropzone-input\"\n\t\tstyle=\"position:absolute!important;clip:rect(0,0,0,0)!important;height:1px!important;width:1px!important;border:0!important;overflow:hidden!important;padding:0!important;margin:0!important;\"\n\t\tid=\"wpforms-4310-field_42\"\n\t\tname=\"wpforms_4310_42\" \t\tvalue=\"\">\n<\/div><\/div><\/div><\/div><\/div><div id=\"wpforms-4310-field_47-container\" class=\"wpforms-field wpforms-field-checkbox\" data-field-type=\"checkbox\" data-field-id=\"47\"><fieldset><legend class=\"wpforms-field-label wpforms-label-hide\" aria-hidden=\"false\">Checkbox <span class=\"wpforms-required-label\" aria-hidden=\"true\">*<\/span><\/legend><ul id=\"wpforms-4310-field_47\" class=\"wpforms-field-required\"><li class=\"choice-1 depth-1\"><input type=\"checkbox\" id=\"wpforms-4310-field_47_1\" name=\"wpforms[fields][47][]\" value=\"I agree that my personal data shared by me within the scope of my job application will be processed and stored for the purpose of carrying out the application processes.\" aria-errormessage=\"wpforms-4310-field_47_1-error\" required ><label class=\"wpforms-field-label-inline\" for=\"wpforms-4310-field_47_1\">I agree that my personal data shared by me within the scope of my job application will be processed and stored for the purpose of carrying out the application processes.<\/label><\/li><\/ul><\/fieldset><\/div><div id=\"wpforms-4310-field_48-container\" class=\"wpforms-field wpforms-field-checkbox\" data-field-type=\"checkbox\" data-field-id=\"48\"><fieldset><legend class=\"wpforms-field-label wpforms-label-hide\" aria-hidden=\"false\">Checkbox (copy) <span class=\"wpforms-required-label\" aria-hidden=\"true\">*<\/span><\/legend><ul id=\"wpforms-4310-field_48\" class=\"wpforms-field-required\"><li class=\"choice-1 depth-1\"><input type=\"checkbox\" id=\"wpforms-4310-field_48_1\" name=\"wpforms[fields][48][]\" value=\"I have read and accept the Personal Data Protection and Processing and Clarification Text.*\" aria-errormessage=\"wpforms-4310-field_48_1-error\" required ><label class=\"wpforms-field-label-inline\" for=\"wpforms-4310-field_48_1\">I have read and accept the Personal Data Protection and Processing and Clarification Text.*<\/label><\/li><\/ul><\/fieldset><\/div><script>\n\t\t\t\t( function() {\n\t\t\t\t\tconst style = document.createElement( 'style' );\n\t\t\t\t\tstyle.appendChild( document.createTextNode( '#wpforms-4310-field_5-container { position: absolute !important; overflow: hidden !important; display: inline !important; height: 1px !important; width: 1px !important; z-index: -1000 !important; padding: 0 !important; } #wpforms-4310-field_5-container input { visibility: hidden; } #wpforms-conversational-form-page #wpforms-4310-field_5-container label { counter-increment: none; }' ) );\n\t\t\t\t\tdocument.head.appendChild( style );\n\t\t\t\t\tdocument.currentScript?.remove();\n\t\t\t\t} )();\n\t\t\t<\/script><\/div><!-- .wpforms-field-container --><div class=\"wpforms-recaptcha-container wpforms-is-recaptcha wpforms-is-recaptcha-type-v3\" ><input type=\"hidden\" name=\"wpforms[recaptcha]\" value=\"\"><\/div><div class=\"wpforms-submit-container\" ><input type=\"hidden\" name=\"wpforms[id]\" value=\"4310\"><input type=\"hidden\" name=\"page_title\" value=\"\"><input type=\"hidden\" name=\"page_url\" value=\"https:\/\/prosecure.com.tr\/en\/wp-json\/wp\/v2\/pages\/4132\"><input type=\"hidden\" name=\"url_referer\" value=\"\"><button type=\"submit\" name=\"wpforms[submit]\" id=\"wpforms-submit-4310\" class=\"wpforms-submit\" data-alt-text=\"Sending...\" data-submit-text=\"Send\" aria-live=\"assertive\" value=\"wpforms-submit\">Send<\/button><img decoding=\"async\" src=\"https:\/\/prosecure.com.tr\/wp-content\/plugins\/wpforms\/assets\/images\/submit-spin.svg\" class=\"wpforms-submit-spinner\" style=\"display: none;\" width=\"26\" height=\"26\" alt=\"Loading\"><\/div><\/form><\/div>  <!-- .wpforms-container -->\t\t\t\t<\/div>\n\t\t\t\t<\/div>\n\t\t\t\t<\/div>\n\t\t\t\t\t<\/div>\n\t\t\t\t<\/div>\n\t\t\t\t<\/div>\n\t\t","protected":false},"excerpt":{"rendered":"<p>Join Us Join Us As Prosecure, we believe that the biggest power behind our success is our qualified and reliable human resources that we grow together. Join us if you want to take part in a development-oriented dynamic team where you can use your talent in valuable projects. Bu formu doldurmak i\u00e7in l\u00fctfen taray\u0131c\u0131n\u0131zda JavaScript&#039;i [&hellip;]<\/p>\n","protected":false},"author":1,"featured_media":0,"parent":0,"menu_order":0,"comment_status":"closed","ping_status":"closed","template":"","meta":{"footnotes":""},"class_list":["post-4132","page","type-page","status-publish","hentry"],"_links":{"self":[{"href":"https:\/\/prosecure.com.tr\/en\/wp-json\/wp\/v2\/pages\/4132","targetHints":{"allow":["GET"]}}],"collection":[{"href":"https:\/\/prosecure.com.tr\/en\/wp-json\/wp\/v2\/pages"}],"about":[{"href":"https:\/\/prosecure.com.tr\/en\/wp-json\/wp\/v2\/types\/page"}],"author":[{"embeddable":true,"href":"https:\/\/prosecure.com.tr\/en\/wp-json\/wp\/v2\/users\/1"}],"replies":[{"embeddable":true,"href":"https:\/\/prosecure.com.tr\/en\/wp-json\/wp\/v2\/comments?post=4132"}],"version-history":[{"count":7,"href":"https:\/\/prosecure.com.tr\/en\/wp-json\/wp\/v2\/pages\/4132\/revisions"}],"predecessor-version":[{"id":6261,"href":"https:\/\/prosecure.com.tr\/en\/wp-json\/wp\/v2\/pages\/4132\/revisions\/6261"}],"wp:attachment":[{"href":"https:\/\/prosecure.com.tr\/en\/wp-json\/wp\/v2\/media?parent=4132"}],"curies":[{"name":"wp","href":"https:\/\/api.w.org\/{rel}","templated":true}]}}